{"id":3777,"date":"2024-05-10T18:13:10","date_gmt":"2024-05-10T16:13:10","guid":{"rendered":"https:\/\/www.investforbetterclimate.eu\/?page_id=3777"},"modified":"2024-06-13T15:56:15","modified_gmt":"2024-06-13T13:56:15","slug":"jak-to-zrobic","status":"publish","type":"page","link":"https:\/\/www.investforbetterclimate.eu\/pl\/jak-to-zrobic\/","title":{"rendered":"Jak to zrobi\u0107?"},"content":{"rendered":"\n<div class=\"wp-block-group\"><div class=\"wp-block-group__inner-container is-layout-constrained wp-block-group-is-layout-constrained\">\n<h2 class=\"wp-block-heading\"><strong><strong>Rola lider\u00f3w<\/strong><\/strong><\/h2>\n\n\n\n<p>Lider mo\u017ce prowadzi\u0107 kr\u0105g samodzielnie lub wraz ze wsp\u00f3\u0142prowadz\u0105cym. Jednym z najwa\u017cniejszych obowi\u0105zk\u00f3w lidera\/lider\u00f3w jest zobowi\u0105zanie do kontynuowania i zwo\u0142ywania kr\u0119g\u00f3w. Liderzy mog\u0105 skorzysta\u0107 z naszego zestawu narz\u0119dzi, kt\u00f3ry pomo\u017ce im zaanga\u017cowa\u0107 uczestnik\u00f3w i poprowadzi\u0107 sesj\u0119 integracyjn\u0105. Znajdziesz tam r\u00f3wnie\u017c przyk\u0142adow\u0105 agend\u0119 i inne wskaz\u00f3wki, kt\u00f3re mog\u0105 by\u0107 istotne, w tym podstaw\u0119 programow\u0105.<\/p>\n\n\n\n<p>Aby da\u0107 ci wyobra\u017cenie o programie nauczania &#8222;Invest for Better Climate EU&#8221;, sp\u00f3jrz na poruszane tematy, kt\u00f3rym towarzysz\u0105 arkusze \u0107wicze\u0144 i inne pomocne zasoby, kt\u00f3re mo\u017cesz odkrywa\u0107 podczas sesji w kr\u0119gu. Mo\u017cesz skupi\u0107 si\u0119 tylko na jednym temacie lub realizowa\u0107 ca\u0142y program we w\u0142asnym tempie.<\/p>\n<\/div><\/div>\n\n\n\n<div class=\"wp-block-group\"><div class=\"wp-block-group__inner-container is-layout-constrained wp-block-group-is-layout-constrained\">\n<h2 class=\"wp-block-heading\"><strong><strong>Jak skomponowa\u0107 sw\u00f3j kr\u0105g?<\/strong><\/strong><\/h2>\n\n\n\n<p>Cz\u0142onkowie kr\u0119g\u00f3w mog\u0105 pochodzi\u0107 z istniej\u0105cych sieci przyjaci\u00f3\u0142, znajomych, wsp\u00f3\u0142pracownik\u00f3w, rodziny i przyjaci\u00f3\u0142. Sk\u0142ad grup jest wa\u017cnym elementem wnosz\u0105cym szerszy zakres perspektyw do do\u015bwiadczenia grupy (r\u00f3\u017cnorodno\u015b\u0107 pod wzgl\u0119dem wieku, pochodzenia etnicznego, poziomu zamo\u017cno\u015bci, do\u015bwiadczenia zawodowego itp.) Niekt\u00f3re kr\u0119gi mog\u0105 r\u00f3wnie\u017c chcie\u0107 skupi\u0107 si\u0119 na potrzebach okre\u015blonej grupy demograficznej, na przyk\u0142ad m\u0142odych profesjonalist\u00f3w.<\/p>\n\n\n\n<p>W zale\u017cno\u015bci od tego, czy chcesz organizowa\u0107 spotkania w kr\u0119gu wirtualnie, czy osobi\u015bcie, mo\u017cesz wykorzysta\u0107 do tego r\u00f3\u017cne bezp\u0142atne platformy. Kontaktuj\u0105c si\u0119 z nowymi uczestniczkami kr\u0119gu, nale\u017cy ustali\u0107 parametry (takie jak oczekiwane zaanga\u017cowanie czasowe, proponowane daty itp.) i wspomnie\u0107, czego uczestniczka powinna oczekiwa\u0107 (mo\u017cliwo\u015b\u0107 wys\u0142uchania ekspert\u00f3w, zadawania pyta\u0144, dzielenia si\u0119 zasobami edukacyjnymi i pomys\u0142ami z szersz\u0105 grup\u0105 podobnie my\u015bl\u0105cych kobiet).<\/p>\n<\/div><\/div>\n\n\n\n<div class=\"wp-block-group\"><div class=\"wp-block-group__inner-container is-layout-constrained wp-block-group-is-layout-constrained\">\n<h2 class=\"wp-block-heading\"><strong><strong>Porozmawiajmy o inwestowaniu!<\/strong><\/strong><\/h2>\n\n\n\n<p>Podobnie jak w przypadku dzia\u0142a\u0144 &#8222;Poznajmy si\u0119&#8221;, rozmowa o pieni\u0105dzach jest dra\u017cliwym tematem w wielu kulturach, wi\u0119c najlepsz\u0105 praktyk\u0105 jest wykonanie innego \u0107wiczenia, aby stworzy\u0107 poczucie bezpiecznej przestrzeni w\u015br\u00f3d uczestnik\u00f3w, zanim zaprosimy ich do otwarcia si\u0119 na ten temat.<\/p>\n\n\n\n<p><\/p>\n\n\n\n<ul class=\"wp-block-list\">\n<li>Jaka jest twoja najwa\u017cniejsza rada dotycz\u0105ca pieni\u0119dzy?<\/li>\n\n\n\n<li>Jaka tematyka szczeg\u00f3lnie Ci\u0119 pasjonuje i w kt\u00f3r\u0105 chcia\u0142by\u015b zainwestowa\u0107?<\/li>\n\n\n\n<li>Kiedy w Twoim \u017cyciu pojawiaj\u0105 si\u0119 pieni\u0105dze, co robisz w pierwszej kolejno\u015bci: oszcz\u0119dzasz je, wydajesz czy rozdajesz?<\/li>\n\n\n\n<li>Jaka jest jedna rzecz, kt\u00f3r\u0105 zrobi\u0142e\u015b, aby zarz\u0105dza\u0107 swoimi finansami w ci\u0105gu ostatniego roku i z kt\u00f3rej jeste\u015b zadowolony?<\/li>\n\n\n\n<li>Jaki by\u0142 ostatni b\u0142\u0105d finansowy, kt\u00f3ry pope\u0142ni\u0142e\u015b i dlaczego?<\/li>\n<\/ul>\n\n\n\n<h3 class=\"wp-block-heading\">Kr\u0119gi obejmuj\u0105 nast\u0119puj\u0105ce elementy:<\/h3>\n\n\n\n<ul class=\"wp-block-list\">\n<li>A grupa od 8 do 20 inwestor\u00f3w indywidualnych (wi\u0119cej informacji na temat tworzenia grupy w dalszej cz\u0119\u015bci)<\/li>\n\n\n\n<li>Kierownictwo sk\u0142adaj\u0105ce si\u0119 z 1 lub 2 gospodarzy, kt\u00f3rzy zapraszaj\u0105 innych cz\u0142onk\u00f3w do przy\u0142\u0105czenia si\u0119 do nich i s\u0105 zaanga\u017cowani w budowanie kultury i sp\u00f3jno\u015bci grupy<\/li>\n\n\n\n<li>A zobowi\u0105zanie do regularnych spotka\u0144<\/li>\n\n\n\n<li>U\u017cywanie jasno ustrukturyzowanego lub elastycznego programu nauczania maj\u0105cego na celu poszerzanie wiedzy i promowanie dzia\u0142a\u0144 (mo\u017cna go znale\u017a\u0107 na w\u0142asnej stronie internetowej)<\/li>\n<\/ul>\n\n\n\n<h3 class=\"wp-block-heading\">Kr\u0119gi nie obejmuj\u0105 nast\u0119puj\u0105cych element\u00f3w:<\/h3>\n\n\n\n<ul class=\"wp-block-list\">\n<li>A narz\u0119dzie do inwestowania grupowego, chocia\u017c cz\u0142onkowie mog\u0105 zdecydowa\u0107 si\u0119 na wsp\u00f3lne inwestowanie<\/li>\n\n\n\n<li>A miejsce dla os\u00f3b fizycznych do promowania swoich us\u0142ug lub produkt\u00f3w<\/li>\n\n\n\n<li>Pasywna nauka &#8211; oczekuje si\u0119 promowania dzia\u0142ania<\/li>\n<\/ul>\n\n\n\n<p><em><strong>Include link to toolkit<\/strong><\/em><\/p>\n<\/div><\/div>\n","protected":false},"excerpt":{"rendered":"<p>Rola lider\u00f3w Lider mo\u017ce prowadzi\u0107 kr\u0105g samodzielnie lub wraz ze wsp\u00f3\u0142prowadz\u0105cym. Jednym z najwa\u017cniejszych obowi\u0105zk\u00f3w lidera\/lider\u00f3w jest zobowi\u0105zanie do kontynuowania i zwo\u0142ywania kr\u0119g\u00f3w. Liderzy mog\u0105 skorzysta\u0107 z naszego zestawu narz\u0119dzi, kt\u00f3ry pomo\u017ce im zaanga\u017cowa\u0107 uczestnik\u00f3w i poprowadzi\u0107 sesj\u0119 integracyjn\u0105. Znajdziesz tam r\u00f3wnie\u017c przyk\u0142adow\u0105 agend\u0119 i inne wskaz\u00f3wki, kt\u00f3re mog\u0105 by\u0107 istotne, w tym podstaw\u0119 programow\u0105. [&hellip;]<\/p>\n","protected":false},"author":1,"featured_media":0,"parent":0,"menu_order":23,"comment_status":"closed","ping_status":"closed","template":"","meta":{"footnotes":""},"class_list":["post-3777","page","type-page","status-publish","hentry"],"_links":{"self":[{"href":"https:\/\/www.investforbetterclimate.eu\/pl\/wp-json\/wp\/v2\/pages\/3777","targetHints":{"allow":["GET"]}}],"collection":[{"href":"https:\/\/www.investforbetterclimate.eu\/pl\/wp-json\/wp\/v2\/pages"}],"about":[{"href":"https:\/\/www.investforbetterclimate.eu\/pl\/wp-json\/wp\/v2\/types\/page"}],"author":[{"embeddable":true,"href":"https:\/\/www.investforbetterclimate.eu\/pl\/wp-json\/wp\/v2\/users\/1"}],"replies":[{"embeddable":true,"href":"https:\/\/www.investforbetterclimate.eu\/pl\/wp-json\/wp\/v2\/comments?post=3777"}],"version-history":[{"count":3,"href":"https:\/\/www.investforbetterclimate.eu\/pl\/wp-json\/wp\/v2\/pages\/3777\/revisions"}],"predecessor-version":[{"id":3783,"href":"https:\/\/www.investforbetterclimate.eu\/pl\/wp-json\/wp\/v2\/pages\/3777\/revisions\/3783"}],"wp:attachment":[{"href":"https:\/\/www.investforbetterclimate.eu\/pl\/wp-json\/wp\/v2\/media?parent=3777"}],"curies":[{"name":"wp","href":"https:\/\/api.w.org\/{rel}","templated":true}]}}