{"id":3701,"date":"2024-05-10T17:49:15","date_gmt":"2024-05-10T15:49:15","guid":{"rendered":"https:\/\/www.investforbetterclimate.eu\/?page_id=3701"},"modified":"2024-06-14T10:48:11","modified_gmt":"2024-06-14T08:48:11","slug":"the-curriculum","status":"publish","type":"page","link":"https:\/\/www.investforbetterclimate.eu\/pl\/the-curriculum\/","title":{"rendered":"Program nauczania"},"content":{"rendered":"\n<div class=\"wp-block-group\"><div class=\"wp-block-group__inner-container is-layout-constrained wp-block-group-is-layout-constrained\">\n<p>Inicjatywa Invest for Better (IfB) by\u0142a udanym programem umo\u017cliwiaj\u0105cym i wspieraj\u0105cym inwestowanie zgodne z warto\u015bciami w USA. W oparciu o ksi\u0105\u017ck\u0119 Janine Firpo, Activate Your Money: Invest to Grow Your Wealth and Build a Better World, europejskie wersje IfBC EU, jak r\u00f3wnie\u017c ksi\u0105\u017cki, zosta\u0142y przet\u0142umaczone i dostosowane, aby lepiej odzwierciedla\u0107 realia rynk\u00f3w francuskiego, niemieckiego, polskiego i hiszpa\u0144skiego.<\/p>\n<\/div><\/div>\n\n\n\n<div class=\"wp-block-group\"><div class=\"wp-block-group__inner-container is-layout-constrained wp-block-group-is-layout-constrained\">\n<h2 class=\"wp-block-heading\">Struktura kursu<\/h2>\n\n\n\n<p>Tre\u015b\u0107 podstawowego programu nauczania jest realizowana w ramach 5 modu\u0142\u00f3w, podczas kt\u00f3rych uczestnicy spotykaj\u0105 si\u0119 w grupach licz\u0105cych od 8 do 20 inwestor\u00f3w indywidualnych. Dyskusje i \u0107wiczenia podczas spotka\u0144 odbywaj\u0105 si\u0119 w ma\u0142ych i du\u017cych grupach, aby zapewni\u0107 uczestnikom zar\u00f3wno kameralne warunki, jak i szersze mo\u017cliwo\u015bci uczenia si\u0119.<\/p>\n\n\n\n<p>Przed ka\u017cd\u0105 sesj\u0105 uczestnicy wykonuj\u0105 1-2 godziny samodzielnej nauki, aby przygotowa\u0107 si\u0119 do rozm\u00f3w i temat\u00f3w, kt\u00f3re poruszane s\u0105 podczas spotka\u0144. Uczestnicy mog\u0105 zadawa\u0107 pytania podczas sesji na \u017cywo z doradcami finansowymi i innymi ekspertami, kt\u00f3re odbywaj\u0105 si\u0119 co miesi\u0105c.<\/p>\n<\/div><\/div>\n\n\n\n<div class=\"wp-block-group\"><div class=\"wp-block-group__inner-container is-layout-constrained wp-block-group-is-layout-constrained\">\n<h2 class=\"wp-block-heading\">Wyniki<\/h2>\n\n\n\n<p>Po zako\u0144czeniu podstawowego programu nauczania uczestnicy b\u0119d\u0105:<\/p>\n\n\n\n<ul class=\"wp-block-list\">\n<li>Uczestniczyli w bezpiecznej, zaufanej przestrzeni, w kt\u00f3rej mog\u0105 dzieli\u0107 si\u0119 swoimi historiami zwi\u0105zanymi z pieni\u0119dzmi, aspiracjami, obawami i sukcesami.<\/li>\n\n\n\n<li>Rozumieli &#8211; by\u0107 mo\u017ce po raz pierwszy &#8211; w jaki spos\u00f3b obecnie inwestuj\u0105, dlaczego inwestuj\u0105 w ten spos\u00f3b i jak mog\u0105 poprawi\u0107 finansowy i spo\u0142eczny wp\u0142yw swoich portfeli.<\/li>\n\n\n\n<li>Wiedzieli o nowych sposobach inwestowania, zbada\u0142 mo\u017cliwo\u015bci zgodne z warto\u015bciami i om\u00f3wi\u0142 najlepsze sposoby skorzystania z tych opcji.<\/li>\n\n\n\n<li>Uko\u0144czone uproszczone arkusze robocze i samodzielna analiza w celu lepszego przygotowania si\u0119 do obecnie trwaj\u0105cych lub przysz\u0142ych inwestycji.<\/li>\n<\/ul>\n<\/div><\/div>\n\n\n\n<div class=\"wp-block-group\"><div class=\"wp-block-group__inner-container is-layout-constrained wp-block-group-is-layout-constrained\">\n<h2 class=\"wp-block-heading\">Tre\u015b\u0107 kursu<\/h2>\n\n\n\n<p>Podstawowy program nauczania zosta\u0142 zaprojektowany w celu budowania zaufania inwestor\u00f3w detalicznych, zademonstrowania si\u0142y ich aktyw\u00f3w inwestycyjnych i pokazania im, jak aktywowa\u0107 te zasoby, aby umo\u017cliwi\u0107 bardziej sprawiedliwy i zr\u00f3wnowa\u017cony \u015bwiat dla wszystkich. Kurs zorganizowany jest w taki spos\u00f3b, aby poprowadzi\u0107 uczestnik\u00f3w przez szereg krok\u00f3w, samokszta\u0142cenie i spotkania opieraj\u0105 si\u0119 na sobie nawzajem. Uznaj\u0105c, \u017ce wszyscy prowadzimy intensywne \u017cycie, tw\u00f3rcy kursu starali si\u0119 zminimalizowa\u0107 prac\u0119 wst\u0119pn\u0105 i sprawi\u0107, by ka\u017cde spotkanie by\u0142o interaktywne, anga\u017cuj\u0105ce i pouczaj\u0105ce. Wcze\u015bniejsi uczestnicy komentowali krytyczn\u0105 r\u00f3\u017cnic\u0119, jak\u0105 ten kurs mia\u0142 na ich stosunek do pieni\u0119dzy i relacje z nimi.<\/p>\n\n\n\n<p><\/p>\n\n\n\n<h3 class=\"wp-block-heading\">Modu\u0142 1 &#8211; Wprowadzenie do inwestowania<\/h3>\n\n\n\n<hr class=\"wp-block-separator has-alpha-channel-opacity\"\/>\n\n\n\n<p class=\"has-medium-font-size\">Przegl\u0105d posiadanych aktyw\u00f3w finansowych oraz tego, jak i dlaczego dostosowa\u0107 warto\u015b\u0107 w\u0142asnych inwestycji.<\/p>\n\n\n\n<p><a href=\"https:\/\/www.investforbetterclimate.eu\/wp-content\/uploads\/2024\/06\/Invest-for-Better-Climate-EU-Arkusz-do-czesci-1.xlsx\" target=\"_blank\" rel=\"noreferrer noopener\">Invest for Better Climate EU Arkusz do cz\u0119\u015bci 1.xslx<\/a><\/p>\n\n\n\n<p><a href=\"https:\/\/www.investforbetterclimate.eu\/wp-content\/uploads\/2024\/06\/Czesc-1-prezentacja.pptx\" data-type=\"link\" data-id=\"https:\/\/www.investforbetterclimate.eu\/wp-content\/uploads\/2024\/05\/test.pdf\" target=\"_blank\" rel=\"noreferrer noopener\">Cz\u0119\u015b\u0107 1 prezentacja.pptx<\/a><\/p>\n\n\n\n<h3 class=\"wp-block-heading\">Modu\u0142 2 &#8211; Inwestowanie w obiektywie klimatycznym<\/h3>\n\n\n\n<hr class=\"wp-block-separator has-alpha-channel-opacity\"\/>\n\n\n\n<p>Jakie s\u0105 inicjatywy i standardy, kt\u00f3rych inwestorzy detaliczni powinni przestrzega\u0107 przy podejmowaniu decyzji inwestycyjnych?<\/p>\n\n\n\n<p><a href=\"https:\/\/www.investforbetterclimate.eu\/wp-content\/uploads\/2024\/06\/Invest-for-Better-Climate-EU-Arkusz-do-czesci-2.xlsx\" target=\"_blank\" rel=\"noreferrer noopener\">Invest for Better Climate EU Arkusz do cz\u0119\u015bci 2.xslx<\/a><\/p>\n\n\n\n<p><a href=\"https:\/\/www.investforbetterclimate.eu\/wp-content\/uploads\/2024\/06\/Czesc-2-prezentacja.pptx\" data-type=\"link\" data-id=\"https:\/\/www.investforbetterclimate.eu\/wp-content\/uploads\/2024\/05\/test.pdf\" target=\"_blank\" rel=\"noreferrer noopener\">Cz\u0119\u015b\u0107 2 prezentacja.pptx<\/a><\/p>\n\n\n\n<h3 class=\"wp-block-heading\">Modu\u0142 3 &#8211; Informacje bran\u017cowe<\/h3>\n\n\n\n<hr class=\"wp-block-separator has-alpha-channel-opacity\"\/>\n\n\n\n<p>Przegl\u0105d obecnie istniej\u0105cych instrument\u00f3w finansowych zwi\u0105zanych ze zr\u00f3wnowa\u017conym rozwojem i klimatem dost\u0119pnych dla inwestor\u00f3w detalicznych w krajach europejskich obj\u0119tych zakresem.<\/p>\n\n\n\n<p><\/p>\n\n\n\n<p><a href=\"https:\/\/www.investforbetterclimate.eu\/wp-content\/uploads\/2024\/06\/Czesc-3-prezentacja.pptx\" data-type=\"link\" data-id=\"https:\/\/www.investforbetterclimate.eu\/wp-content\/uploads\/2024\/05\/test.pdf\" target=\"_blank\" rel=\"noreferrer noopener\">Cz\u0119\u015b\u0107 3 prezentacja.pptx<\/a><\/p>\n\n\n\n<h3 class=\"wp-block-heading\">Modu\u0142 4 &#8211; Ryzyko finansowe zwi\u0105zane z klimatem<\/h3>\n\n\n\n<hr class=\"wp-block-separator has-alpha-channel-opacity\"\/>\n\n\n\n<p>Zrozumienie zwi\u0105zku mi\u0119dzy ryzykiem klimatycznym (i mo\u017cliwo\u015bciami) a ryzykiem finansowym.<\/p>\n\n\n\n<p><a href=\"https:\/\/www.investforbetterclimate.eu\/wp-content\/uploads\/2024\/06\/Invest-for-Better-Climate-EU-arkusz-do-czesci-4.xlsx\" data-type=\"link\" data-id=\"https:\/\/www.investforbetterclimate.eu\/wp-content\/uploads\/2024\/05\/test.pdf\" target=\"_blank\" rel=\"noreferrer noopener\">Invest for Better Climate EU arkusz do cz\u0119\u015bci 4.xlsx<\/a><\/p>\n\n\n\n<p><a href=\"https:\/\/www.investforbetterclimate.eu\/wp-content\/uploads\/2024\/06\/Czesc-4-prezentacja.pptx\" data-type=\"link\" data-id=\"https:\/\/www.investforbetterclimate.eu\/wp-content\/uploads\/2024\/05\/test.pdf\" target=\"_blank\" rel=\"noreferrer noopener\">Cz\u0119\u015b\u0107 4 prezentacja.pptx<\/a><\/p>\n\n\n\n<h3 class=\"wp-block-heading\">Modu\u0142 5 &#8211; Greenwashing<\/h3>\n\n\n\n<hr class=\"wp-block-separator has-alpha-channel-opacity\"\/>\n\n\n\n<p>Jak rozpozna\u0107 i unika\u0107 greenwashingu oraz jak go zg\u0142asza\u0107? Upewnij si\u0119, \u017ce Twoje inwestycje s\u0105 chronione przed greenwashingiem i jego konsekwencjami.<\/p>\n\n\n\n<p><a href=\"https:\/\/www.investforbetterclimate.eu\/wp-content\/uploads\/2024\/06\/Invest-for-Better-Climate-EU-Arkusz-do-czesci-5.xlsx\" data-type=\"link\" data-id=\"https:\/\/www.investforbetterclimate.eu\/wp-content\/uploads\/2024\/05\/test.pdf\" target=\"_blank\" rel=\"noreferrer noopener\">Invest for Better Climate EU Arkusz do cze\u015bci 5.xslx<\/a><\/p>\n\n\n\n<p><a href=\"https:\/\/www.investforbetterclimate.eu\/wp-content\/uploads\/2024\/06\/Czesc-5-prezentacja-1.pptx\" data-type=\"link\" data-id=\"https:\/\/www.investforbetterclimate.eu\/wp-content\/uploads\/2024\/05\/test.pdf\" target=\"_blank\" rel=\"noreferrer noopener\">Cz\u0119\u015b\u0107 5 prezentacja.pptx<\/a><\/p>\n<\/div><\/div>\n","protected":false},"excerpt":{"rendered":"<p>Inicjatywa Invest for Better (IfB) by\u0142a udanym programem umo\u017cliwiaj\u0105cym i wspieraj\u0105cym inwestowanie zgodne z warto\u015bciami w USA. W oparciu o ksi\u0105\u017ck\u0119 Janine Firpo, Activate Your Money: Invest to Grow Your Wealth and Build a Better World, europejskie wersje IfBC EU, jak r\u00f3wnie\u017c ksi\u0105\u017cki, zosta\u0142y przet\u0142umaczone i dostosowane, aby lepiej odzwierciedla\u0107 realia rynk\u00f3w francuskiego, niemieckiego, polskiego [&hellip;]<\/p>\n","protected":false},"author":1,"featured_media":0,"parent":0,"menu_order":37,"comment_status":"closed","ping_status":"closed","template":"","meta":{"footnotes":""},"class_list":["post-3701","page","type-page","status-publish","hentry"],"_links":{"self":[{"href":"https:\/\/www.investforbetterclimate.eu\/pl\/wp-json\/wp\/v2\/pages\/3701","targetHints":{"allow":["GET"]}}],"collection":[{"href":"https:\/\/www.investforbetterclimate.eu\/pl\/wp-json\/wp\/v2\/pages"}],"about":[{"href":"https:\/\/www.investforbetterclimate.eu\/pl\/wp-json\/wp\/v2\/types\/page"}],"author":[{"embeddable":true,"href":"https:\/\/www.investforbetterclimate.eu\/pl\/wp-json\/wp\/v2\/users\/1"}],"replies":[{"embeddable":true,"href":"https:\/\/www.investforbetterclimate.eu\/pl\/wp-json\/wp\/v2\/comments?post=3701"}],"version-history":[{"count":10,"href":"https:\/\/www.investforbetterclimate.eu\/pl\/wp-json\/wp\/v2\/pages\/3701\/revisions"}],"predecessor-version":[{"id":4062,"href":"https:\/\/www.investforbetterclimate.eu\/pl\/wp-json\/wp\/v2\/pages\/3701\/revisions\/4062"}],"wp:attachment":[{"href":"https:\/\/www.investforbetterclimate.eu\/pl\/wp-json\/wp\/v2\/media?parent=3701"}],"curies":[{"name":"wp","href":"https:\/\/api.w.org\/{rel}","templated":true}]}}