{"id":4166,"date":"2025-03-19T16:40:40","date_gmt":"2025-03-19T15:40:40","guid":{"rendered":"https:\/\/www.investforbetterclimate.eu\/?page_id=4166"},"modified":"2025-05-07T12:16:21","modified_gmt":"2025-05-07T10:16:21","slug":"cercles-2025","status":"publish","type":"page","link":"https:\/\/www.investforbetterclimate.eu\/fr\/cercles-2025\/","title":{"rendered":"Cercles 2025"},"content":{"rendered":"\n<p><strong>Prenez le contr\u00f4le de votre avenir financier avec une formation accessible et gratuite !<\/strong><\/p>\n\n\n<div class=\"wp-block-image is-style-rounded\">\n<figure class=\"aligncenter size-large is-resized\"><img loading=\"lazy\" decoding=\"async\" width=\"512\" height=\"135\" src=\"https:\/\/www.investforbetterclimate.eu\/wp-content\/uploads\/2025\/03\/image-512x135.png\" alt=\"\" class=\"wp-image-4171\" style=\"width:716px;height:auto\" srcset=\"https:\/\/www.investforbetterclimate.eu\/wp-content\/uploads\/2025\/03\/image-512x135.png 512w, https:\/\/www.investforbetterclimate.eu\/wp-content\/uploads\/2025\/03\/image-250x66.png 250w, https:\/\/www.investforbetterclimate.eu\/wp-content\/uploads\/2025\/03\/image-768x202.png 768w, https:\/\/www.investforbetterclimate.eu\/wp-content\/uploads\/2025\/03\/image-400x105.png 400w, https:\/\/www.investforbetterclimate.eu\/wp-content\/uploads\/2025\/03\/image-275x72.png 275w, https:\/\/www.investforbetterclimate.eu\/wp-content\/uploads\/2025\/03\/image-761x200.png 761w, https:\/\/www.investforbetterclimate.eu\/wp-content\/uploads\/2025\/03\/image.png 875w\" sizes=\"auto, (max-width: 512px) 100vw, 512px\" \/><\/figure>\n<\/div>\n\n\n<p><strong>Pourquoi cette formation ?<\/strong><\/p>\n\n\n\n<p>L\u2019objectif principal de cette formation est d\u2019accompagner les femmes qui n\u2019ont pas ou peu d\u2019exp\u00e9rience en investissement afin de les aider \u00e0 prendre leur avenir financier en main<\/p>\n\n\n\n<p>Nous vous proposons une approche p\u00e9dagogique et pratique qui vous permettra de comprendre les bases de l\u2019investissement tout en alignant vos choix financiers avec vos valeurs. Vous apprendrez \u00e0 investir de mani\u00e8re durable et responsable, en soutenant des initiatives qui favorisent l\u2019environnement et la soci\u00e9t\u00e9.<\/p>\n\n\n\n<p>Place des Investisseurs, \u00e0 l\u2019initiative d&rsquo;Invest for Better Climate et en partenariat avec&nbsp;<a href=\"https:\/\/spak.fr\/\" target=\"_blank\" rel=\"noreferrer noopener\">la plateforme d\u2019\u00e9ducation financi\u00e8re SPAK<\/a>, a le plaisir de vous convier \u00e0 une formation en ligne.<\/p>\n\n\n\n<p>Le nombre de places est limit\u00e9 \u00e0 40 participantes, inscrivez-vous des maintenant pour r\u00e9server votre place&nbsp;!<\/p>\n\n\n\n<ul class=\"wp-block-list\">\n<li><strong>Session 1 de cours se d\u00e9roulera&nbsp;en trois cours en ligne d\u2019une heure, de 18h00 \u00e0 19h00 : le 3, 10 et 17 avril 2025<\/strong><\/li>\n<\/ul>\n\n\n\n<p>S\u2019inscrire ici&nbsp;: <a href=\"https:\/\/www.placedesinvestisseurs.org\/investir-au-feminin-formation-dinvestissement-pour-les-femmes-session-1\/\">Prenez le contr\u00f4le de votre avenir financier avec une formation<\/a><\/p>\n\n\n\n<ul class=\"wp-block-list\">\n<li><strong>Session 2 de cours se d\u00e9roulera en trois cours en ligne d\u2019une heure, de 18h00 \u00e0 19h00&nbsp;: les 15, 22 et 29 avril 2025<\/strong><\/li>\n<\/ul>\n\n\n\n<p>S\u2019inscrire ici&nbsp;: <a href=\"https:\/\/www.placedesinvestisseurs.org\/investir-au-feminin-formation-dinvestissement-pour-les-femmes-session-2\/\">Prenez le contr\u00f4le de votre avenir financier avec une formation<\/a><\/p>\n\n\n\n<ul class=\"wp-block-list\">\n<li><strong>Session 3 de cours se d\u00e9roulera en trois cours en ligne d\u2019une heure, de <strong>10h30 \u00e0 11h30 : le 6, 13 et 20 mai 2025<\/strong><\/strong><\/li>\n<\/ul>\n\n\n\n<p>S\u2019inscrire ici\u00a0: <a href=\"https:\/\/www.placedesinvestisseurs.org\/investir-au-feminin-formation-dinvestissement-pour-les-femmes-session-3\/\">Prenez le contr\u00f4le de votre avenir financier avec une formation<\/a><\/p>\n\n\n\n<p><\/p>\n","protected":false},"excerpt":{"rendered":"<p>Prenez le contr\u00f4le de votre avenir financier avec une formation accessible et gratuite ! Pourquoi cette formation ? L\u2019objectif principal de cette formation est d\u2019accompagner les femmes qui n\u2019ont pas ou peu d\u2019exp\u00e9rience en investissement afin de les aider \u00e0 prendre leur avenir financier en main Nous vous proposons une approche p\u00e9dagogique et pratique qui [&hellip;]<\/p>\n","protected":false},"author":6,"featured_media":0,"parent":0,"menu_order":1,"comment_status":"closed","ping_status":"closed","template":"","meta":{"footnotes":""},"class_list":["post-4166","page","type-page","status-publish","hentry"],"_links":{"self":[{"href":"https:\/\/www.investforbetterclimate.eu\/fr\/wp-json\/wp\/v2\/pages\/4166","targetHints":{"allow":["GET"]}}],"collection":[{"href":"https:\/\/www.investforbetterclimate.eu\/fr\/wp-json\/wp\/v2\/pages"}],"about":[{"href":"https:\/\/www.investforbetterclimate.eu\/fr\/wp-json\/wp\/v2\/types\/page"}],"author":[{"embeddable":true,"href":"https:\/\/www.investforbetterclimate.eu\/fr\/wp-json\/wp\/v2\/users\/6"}],"replies":[{"embeddable":true,"href":"https:\/\/www.investforbetterclimate.eu\/fr\/wp-json\/wp\/v2\/comments?post=4166"}],"version-history":[{"count":6,"href":"https:\/\/www.investforbetterclimate.eu\/fr\/wp-json\/wp\/v2\/pages\/4166\/revisions"}],"predecessor-version":[{"id":4203,"href":"https:\/\/www.investforbetterclimate.eu\/fr\/wp-json\/wp\/v2\/pages\/4166\/revisions\/4203"}],"wp:attachment":[{"href":"https:\/\/www.investforbetterclimate.eu\/fr\/wp-json\/wp\/v2\/media?parent=4166"}],"curies":[{"name":"wp","href":"https:\/\/api.w.org\/{rel}","templated":true}]}}