{"id":3520,"date":"2024-05-10T18:19:08","date_gmt":"2024-05-10T16:19:08","guid":{"rendered":"https:\/\/www.investforbetterclimate.eu\/?page_id=3520"},"modified":"2024-06-13T10:35:47","modified_gmt":"2024-06-13T08:35:47","slug":"a-propos","status":"publish","type":"page","link":"https:\/\/www.investforbetterclimate.eu\/fr\/a-propos\/","title":{"rendered":"A propos"},"content":{"rendered":"\n<p>L&rsquo;IfBC-UE visait \u00e0 identifier la disponibilit\u00e9 d&rsquo;investissements align\u00e9s sur le climat pour les investisseurs de d\u00e9tail sur les march\u00e9s nationaux s\u00e9lectionn\u00e9s, \u00e0 sensibiliser les investisseurs individuels \u00e0 l&rsquo;impact que leur argent\/investissement peut avoir sur le climat, \u00e0 les informer sur les normes et produits existants ainsi qu&rsquo;\u00e0 identifier les recommandations politiques qui pourraient \u00eatre n\u00e9cessaires pour faciliter les changements sociaux au niveau national et de l&rsquo;UE. Par le biais de tables rondes locales et de cercles de discussion, nous avons initi\u00e9 un dialogue social, sensibilis\u00e9 \u00e0 la culture financi\u00e8re et discut\u00e9 des investissements en faveur du climat pour les investisseurs individuels, tout en promouvant l&rsquo;acquisition de connaissances en mati\u00e8re d&rsquo;investissements en faveur du climat afin d&rsquo;accro\u00eetre le rendement financier pour les investisseurs existants et les nouveaux investisseurs.<\/p>\n\n\n\n<p><strong><strong>Notre impact \u00e0 ce jour<\/strong><\/strong><\/p>\n\n\n\n<ul class=\"wp-block-list\">\n<li>Plus de 440 membres des Cercles ont b\u00e9n\u00e9fici\u00e9 de la formation IFBC &#8211; UE de mat\u00e9riels pr\u00e9paratoires et autres supports associ\u00e9s.<\/li>\n\n\n\n<li>Depuis notre cr\u00e9ation, nous avons form\u00e9 plus de 40 leaders de cercle, les dotant de connaissances sp\u00e9cialis\u00e9es et de comp\u00e9tences en mati\u00e8re de leadership.<\/li>\n\n\n\n<li>Au niveau agr\u00e9g\u00e9 de l&rsquo;UE, nous avons aid\u00e9 96% des membres des Cercles \u00e0 atteindre leurs objectifs en mati\u00e8re d&rsquo;\u00e9ducation climatique et de culture financi\u00e8re plus large, en am\u00e9liorant leurs connaissances de 46% (dans tous les pays et sur tous les sujets englobant l&rsquo;IFBC &#8211; UE).<\/li>\n<\/ul>\n\n\n\n<p><strong>En moyenne, les investisseurs particuliers europ\u00e9ens (anciens \u00e9l\u00e8ves d&rsquo;Espagne, de France, d&rsquo;Allemagne et de Pologne) :<\/strong><\/p>\n\n\n\n<ul class=\"wp-block-list\">\n<li>poss\u00e8dent quelques connaissances sur la fa\u00e7on dont l&rsquo;investissement de l&rsquo;argent est un outil de lutte contre le changement climatique (34% des membres du Cercle). A l&rsquo;issue de la formation, ce chiffre est pass\u00e9 \u00e0 63%&#8230;<\/li>\n\n\n\n<li>font preuve d&rsquo;une certaine compr\u00e9hension des \u00e9tapes n\u00e9cessaires \u00e0 l&rsquo;investissement et de la mani\u00e8re d&rsquo;investir en accord avec leurs valeurs (20 %). A l&rsquo;issue de la formation, ce chiffre est pass\u00e9 \u00e0 72%&#8230;<\/li>\n\n\n\n<li>n&rsquo;ont pas une vue d&rsquo;ensemble des possibilit\u00e9s d&rsquo;investissement en faveur du climat qui leur sont offertes dans leurs \u00c9tats membres respectifs (5 %). \u00c0 l&rsquo;issue de la formation, ce chiffre est pass\u00e9 \u00e0 39 % des membres des Cercles qui ont exprim\u00e9 une compr\u00e9hension claire&#8230;<\/li>\n\n\n\n<li>poss\u00e8dent des connaissances limit\u00e9es sur la mani\u00e8re d&rsquo;identifier les opportunit\u00e9s et d&rsquo;att\u00e9nuer les risques avant de prendre une d\u00e9cision d&rsquo;investissement (12 %). Gr\u00e2ce \u00e0 l&rsquo;IFBC &#8211; UE, 48% se sentent confiants sur ce sujet&#8230;<\/li>\n\n\n\n<li>ont une compr\u00e9hension tr\u00e8s limit\u00e9e de la mani\u00e8re de se prot\u00e9ger contre l&rsquo;\u00e9coblanchiment (6%). Gr\u00e2ce \u00e0 l&rsquo;IFBC &#8211; EU, 62% des membres des Cercles ont indiqu\u00e9 avoir acquis la capacit\u00e9 et les comp\u00e9tences n\u00e9cessaires pour rep\u00e9rer et \u00e9viter le greenwashing&#8230;<\/li>\n\n\n\n<li>n\u2019ont une vue d&rsquo;ensemble des conseils gratuits et impartiaux \u00e0 leur disposition (8%). Gr\u00e2ce \u00e0 l&rsquo;IFBC &#8211; EU, ce chiffre est pass\u00e9 \u00e0 27% des membres des Cercles qui pouvaient clairement identifier leurs fournisseurs locaux de conseils gratuits et impartiaux&#8230;<\/li>\n<\/ul>\n\n\n\n<p><\/p>\n\n\n\n<p><\/p>\n","protected":false},"excerpt":{"rendered":"<p>L&rsquo;IfBC-UE visait \u00e0 identifier la disponibilit\u00e9 d&rsquo;investissements align\u00e9s sur le climat pour les investisseurs de d\u00e9tail sur les march\u00e9s nationaux s\u00e9lectionn\u00e9s, \u00e0 sensibiliser les investisseurs individuels \u00e0 l&rsquo;impact que leur argent\/investissement peut avoir sur le climat, \u00e0 les informer sur les normes et produits existants ainsi qu&rsquo;\u00e0 identifier les recommandations politiques qui pourraient \u00eatre n\u00e9cessaires [&hellip;]<\/p>\n","protected":false},"author":1,"featured_media":0,"parent":0,"menu_order":7,"comment_status":"closed","ping_status":"closed","template":"temp_about_us.php","meta":{"footnotes":""},"class_list":["post-3520","page","type-page","status-publish","hentry"],"_links":{"self":[{"href":"https:\/\/www.investforbetterclimate.eu\/fr\/wp-json\/wp\/v2\/pages\/3520","targetHints":{"allow":["GET"]}}],"collection":[{"href":"https:\/\/www.investforbetterclimate.eu\/fr\/wp-json\/wp\/v2\/pages"}],"about":[{"href":"https:\/\/www.investforbetterclimate.eu\/fr\/wp-json\/wp\/v2\/types\/page"}],"author":[{"embeddable":true,"href":"https:\/\/www.investforbetterclimate.eu\/fr\/wp-json\/wp\/v2\/users\/1"}],"replies":[{"embeddable":true,"href":"https:\/\/www.investforbetterclimate.eu\/fr\/wp-json\/wp\/v2\/comments?post=3520"}],"version-history":[{"count":6,"href":"https:\/\/www.investforbetterclimate.eu\/fr\/wp-json\/wp\/v2\/pages\/3520\/revisions"}],"predecessor-version":[{"id":3676,"href":"https:\/\/www.investforbetterclimate.eu\/fr\/wp-json\/wp\/v2\/pages\/3520\/revisions\/3676"}],"wp:attachment":[{"href":"https:\/\/www.investforbetterclimate.eu\/fr\/wp-json\/wp\/v2\/media?parent=3520"}],"curies":[{"name":"wp","href":"https:\/\/api.w.org\/{rel}","templated":true}]}}