{"id":3822,"date":"2024-05-10T18:12:18","date_gmt":"2024-05-10T16:12:18","guid":{"rendered":"https:\/\/www.investforbetterclimate.eu\/?page_id=3822"},"modified":"2024-06-13T17:18:59","modified_gmt":"2024-06-13T15:18:59","slug":"la-experiencia","status":"publish","type":"page","link":"https:\/\/www.investforbetterclimate.eu\/es\/la-experiencia\/","title":{"rendered":"La experiencia"},"content":{"rendered":"\n<div class=\"wp-block-group\"><div class=\"wp-block-group__inner-container is-layout-constrained wp-block-group-is-layout-constrained\">\n<p>When joining Invest for Better Climate EU, you have the opportunity to participate in our Circle Experience. Through your Circle, you will not only increase your personal investing knowledge, you will also build a trusted community. You will have, possibly for the first time ever, a safe space to talk about your money with a group of like-minded retail investors who will provide you with the encouragement and support you need to achieve your financial goals.<\/p>\n<\/div><\/div>\n\n\n\n<div class=\"wp-block-group\"><div class=\"wp-block-group__inner-container is-layout-constrained wp-block-group-is-layout-constrained\">\n<h2 class=\"wp-block-heading\"><strong><strong>C\u00f3mo funcionan los c\u00edrculos<\/strong><\/strong><\/h2>\n\n\n\n<p>Los C\u00edrculos IFB son peque\u00f1os grupos de 8 a 20 personas dirigidos por compa\u00f1eros que se re\u00fanen para aprender, compartir experiencias personales y apoyarse mutuamente para convertirse en inversores seguros y alineados con sus valores. La experiencia de aprendizaje incluye periodos de autoaprendizaje, reuniones mensuales y compa\u00f1eros implicados.<\/p>\n<\/div><\/div>\n\n\n\n<div class=\"wp-block-group\"><div class=\"wp-block-group__inner-container is-layout-constrained wp-block-group-is-layout-constrained\">\n<h2 class=\"wp-block-heading\"><strong><strong>Estructura circular<\/strong><\/strong><\/h2>\n\n\n\n<p>Cuando participa en un C\u00edrculo IFBC-EU, est\u00e1 en buena compa\u00f1\u00eda. Nuestros C\u00edrculos incluyen:<\/p>\n\n\n\n<div style=\"height:30px\" aria-hidden=\"true\" class=\"wp-block-spacer\"><\/div>\n\n\n<div class=\"wp-block-image is-style-default\">\n<figure class=\"alignleft size-thumbnail is-resized\"><img loading=\"lazy\" decoding=\"async\" width=\"75\" height=\"75\" src=\"https:\/\/www.investforbetterclimate.eu\/wp-content\/uploads\/2024\/05\/01.fw_-75x75.png\" alt=\"\" class=\"wp-image-2670\" style=\"width:50px\" srcset=\"https:\/\/www.investforbetterclimate.eu\/wp-content\/uploads\/2024\/05\/01.fw_-75x75.png 75w, https:\/\/www.investforbetterclimate.eu\/wp-content\/uploads\/2024\/05\/01.fw_.png 200w\" sizes=\"auto, (max-width: 75px) 100vw, 75px\" \/><\/figure>\n<\/div>\n\n\n<p>Grupos de 8-20 inversores minoristas de todos los horizontes, que se comprometen a realizar ~1 hora de autoestudio al mes y a participar en 5 sesiones durante m\u00e1s de 2 meses.<\/p>\n\n\n\n<div style=\"height:30px\" aria-hidden=\"true\" class=\"wp-block-spacer\"><\/div>\n\n\n<div class=\"wp-block-image is-style-default\">\n<figure class=\"alignleft size-thumbnail is-resized\"><img loading=\"lazy\" decoding=\"async\" width=\"75\" height=\"75\" src=\"https:\/\/www.investforbetterclimate.eu\/wp-content\/uploads\/2024\/05\/01.fw_-1-75x75.png\" alt=\"\" class=\"wp-image-2673\" style=\"width:50px\" srcset=\"https:\/\/www.investforbetterclimate.eu\/wp-content\/uploads\/2024\/05\/01.fw_-1-75x75.png 75w, https:\/\/www.investforbetterclimate.eu\/wp-content\/uploads\/2024\/05\/01.fw_-1.png 200w\" sizes=\"auto, (max-width: 75px) 100vw, 75px\" \/><\/figure>\n<\/div>\n\n\n<p>L\u00edderes, que son seleccionados y formados por los equipos locales del IFBC-UE para facilitar las reuniones y crear una cultura de experiencia compartida y cohesi\u00f3n para los miembros del C\u00edrculo.<\/p>\n\n\n\n<div style=\"height:30px\" aria-hidden=\"true\" class=\"wp-block-spacer\"><\/div>\n\n\n<div class=\"wp-block-image is-style-default\">\n<figure class=\"alignleft size-thumbnail is-resized\"><img loading=\"lazy\" decoding=\"async\" width=\"75\" height=\"75\" src=\"https:\/\/www.investforbetterclimate.eu\/wp-content\/uploads\/2024\/05\/01.fw_-2-75x75.png\" alt=\"\" class=\"wp-image-2675\" style=\"width:50px\" srcset=\"https:\/\/www.investforbetterclimate.eu\/wp-content\/uploads\/2024\/05\/01.fw_-2-75x75.png 75w, https:\/\/www.investforbetterclimate.eu\/wp-content\/uploads\/2024\/05\/01.fw_-2.png 200w\" sizes=\"auto, (max-width: 75px) 100vw, 75px\" \/><\/figure>\n<\/div>\n\n\n<p>Un plan de estudios claramente estructurado, dise\u00f1ado para fomentar el conocimiento y promover la acci\u00f3n, pero lo suficientemente flexible para satisfacer las necesidades espec\u00edficas de cada grupo.<\/p>\n\n\n\n<div style=\"height:30px\" aria-hidden=\"true\" class=\"wp-block-spacer\"><\/div>\n\n\n<div class=\"wp-block-image is-style-default\">\n<figure class=\"alignleft size-thumbnail is-resized\"><img loading=\"lazy\" decoding=\"async\" width=\"75\" height=\"75\" src=\"https:\/\/www.investforbetterclimate.eu\/wp-content\/uploads\/2024\/05\/01.fw_-3-75x75.png\" alt=\"\" class=\"wp-image-2678\" style=\"width:50px\" srcset=\"https:\/\/www.investforbetterclimate.eu\/wp-content\/uploads\/2024\/05\/01.fw_-3-75x75.png 75w, https:\/\/www.investforbetterclimate.eu\/wp-content\/uploads\/2024\/05\/01.fw_-3.png 200w\" sizes=\"auto, (max-width: 75px) 100vw, 75px\" \/><\/figure>\n<\/div>\n\n\n<p>Compa\u00f1eros de responsabilidad, que comparten el viaje contigo y te ayudan a identificar los siguientes pasos que quieres dar para mover tu dinero de forma financiera y socialmente responsable.<\/p>\n\n\n\n<div style=\"height:30px\" aria-hidden=\"true\" class=\"wp-block-spacer\"><\/div>\n\n\n\n<p><\/p>\n<\/div><\/div>\n\n\n\n<div class=\"wp-block-group\"><div class=\"wp-block-group__inner-container is-layout-constrained wp-block-group-is-layout-constrained\">\n<h3 class=\"wp-block-heading\">Testimonios<\/h3>\n\n\n\n    <div class=\"testimonies_slider_box\">\r\n    <ul class=\"slides\">\r\n                <li class=\"\"> \r\n        <div class=\"testimonies_content\">    \r\n                <div class=\"detail\">\t\r\n\t\t\t\u00abHa sido un proyecto interesante, y m\u00e1s en estos d\u00edas en los que estamos viendo c\u00f3mo el planeta y el clima est\u00e1n cambiando a una velocidad vertiginosa. No hay planeta B, como se dice, pero es cierto.\u00bb          \r\n        <\/div>\r\n        <\/div>\r\n\t\t<\/li>\r\n                <li class=\"\"> \r\n        <div class=\"testimonies_content\">    \r\n                <div class=\"detail\">\t\r\n\t\t\t\u00abAunque no pude asistir a los talleres en directo, me agrad\u00f3 que subieran los videos a YouTube para poder verlos despu\u00e9s\u00bb          \r\n        <\/div>\r\n        <\/div>\r\n\t\t<\/li>\r\n                <li class=\"\"> \r\n        <div class=\"testimonies_content\">    \r\n                <div class=\"detail\">\t\r\n\t\t\t\u00abAdem\u00e1s, la profesora, Eylo, del grupo 2, fue s\u00faper simp\u00e1tica y realizo los talleres muy amenos y resolvi\u00f3 todas nuestras dudas. Me gust\u00f3 mucho que despu\u00e9s de cada clase se generara un debate en el grupo y que comparti\u00e9ramos noticias para aprender m\u00e1s juntos.\u00bb          \r\n        <\/div>\r\n        <\/div>\r\n\t\t<\/li>\r\n                <li class=\"\"> \r\n        <div class=\"testimonies_content\">    \r\n                <div class=\"detail\">\t\r\n\t\t\t\u00abMe gust\u00f3 bastante el curso, profesor Mat\u00edas muy ameno y competente, los m\u00f3dulos estaban bastante bien, mucha informaci\u00f3n para poder aplicar en el futuro. Saludos.\u00bb          \r\n        <\/div>\r\n        <\/div>\r\n\t\t<\/li>\r\n                <li class=\"\"> \r\n        <div class=\"testimonies_content\">    \r\n                <div class=\"detail\">\t\r\n\t\t\t\u201cMe ha parecido muy interesante y he aprendido muchas cosas que no sab\u00eda. Muchas gracias por ofrecer est\u00e1s formaciones\u201d          \r\n        <\/div>\r\n        <\/div>\r\n\t\t<\/li>\r\n                <li class=\"\"> \r\n        <div class=\"testimonies_content\">    \r\n                <div class=\"detail\">\t\r\n\t\t\t\u00abMi opinini\u00f3n del curso fu\u00e9 muy satisfactoria como manifest\u00e9 expresamente en el Discord Grupo 8.\u00bb          \r\n        <\/div>\r\n        <\/div>\r\n\t\t<\/li>\r\n                <li class=\"\"> \r\n        <div class=\"testimonies_content\">    \r\n                <div class=\"detail\">\t\r\n\t\t\t\u00abHa parecido muy interesante el concepto de greenwashing y la manipulaci\u00f3n de algunas empresas respecto de las inversiones sostenibles.\u00bb          \r\n        <\/div>\r\n        <\/div>\r\n\t\t<\/li>\r\n                <li class=\"\"> \r\n        <div class=\"testimonies_content\">    \r\n                <div class=\"detail\">\t\r\n\t\t\t\u00abEl curso ha resultado ameno, clarificador y enriquecedor. Eylo explica de diez y eso ayuda mucho, ya podemos hablar correctamente de greenwashing o de banca \u00e9tica&#8230; Muchas gracias.\u00bb          \r\n        <\/div>\r\n        <\/div>\r\n\t\t<\/li>\r\n                <li class=\"\"> \r\n        <div class=\"testimonies_content\">    \r\n                <div class=\"detail\">\t\r\n\t\t\t\u00abHubiera preferido que las sesiones formativas duraran menos tiempo&#8230;quiz\u00e1s sesiones de 1 hora&#8230; por el tiempo que supone estar frente al ordenador. Me ha servido mucho el aprendizaje en este sector de la educaci\u00f3n financiera. Volver\u00e9 a participar en los pr\u00f3ximos cursos que se realicen.\u00bb          \r\n        <\/div>\r\n        <\/div>\r\n\t\t<\/li>\r\n                <li class=\"\"> \r\n        <div class=\"testimonies_content\">    \r\n                <div class=\"detail\">\t\r\n\t\t\t\u00abHe descubierto que alguna inversi\u00f3n que yo consideraba sostenible porque as\u00ed lo difund\u00eda la caja con la que trabajo, no lo era tanto. En resumen, me ha abierto los ojos y ahora s\u00e9 mejor en que tengo que fijarme.\u00bb          \r\n        <\/div>\r\n        <\/div>\r\n\t\t<\/li>\r\n            <\/ul>\r\n    <\/div>\r\n    \n<\/div><\/div>\n","protected":false},"excerpt":{"rendered":"<p>When joining Invest for Better Climate EU, you have the opportunity to participate in our Circle Experience. Through your Circle, you will not only increase your personal investing knowledge, you will also build a trusted community. You will have, possibly for the first time ever, a safe space to talk about your money with a [&hellip;]<\/p>\n","protected":false},"author":1,"featured_media":0,"parent":0,"menu_order":24,"comment_status":"closed","ping_status":"closed","template":"","meta":{"footnotes":""},"class_list":["post-3822","page","type-page","status-publish","hentry"],"_links":{"self":[{"href":"https:\/\/www.investforbetterclimate.eu\/es\/wp-json\/wp\/v2\/pages\/3822","targetHints":{"allow":["GET"]}}],"collection":[{"href":"https:\/\/www.investforbetterclimate.eu\/es\/wp-json\/wp\/v2\/pages"}],"about":[{"href":"https:\/\/www.investforbetterclimate.eu\/es\/wp-json\/wp\/v2\/types\/page"}],"author":[{"embeddable":true,"href":"https:\/\/www.investforbetterclimate.eu\/es\/wp-json\/wp\/v2\/users\/1"}],"replies":[{"embeddable":true,"href":"https:\/\/www.investforbetterclimate.eu\/es\/wp-json\/wp\/v2\/comments?post=3822"}],"version-history":[{"count":1,"href":"https:\/\/www.investforbetterclimate.eu\/es\/wp-json\/wp\/v2\/pages\/3822\/revisions"}],"predecessor-version":[{"id":3823,"href":"https:\/\/www.investforbetterclimate.eu\/es\/wp-json\/wp\/v2\/pages\/3822\/revisions\/3823"}],"wp:attachment":[{"href":"https:\/\/www.investforbetterclimate.eu\/es\/wp-json\/wp\/v2\/media?parent=3822"}],"curies":[{"name":"wp","href":"https:\/\/api.w.org\/{rel}","templated":true}]}}