{"id":3721,"date":"2024-05-10T18:19:08","date_gmt":"2024-05-10T16:19:08","guid":{"rendered":"https:\/\/www.investforbetterclimate.eu\/?page_id=3721"},"modified":"2024-06-13T18:02:21","modified_gmt":"2024-06-13T16:02:21","slug":"about","status":"publish","type":"page","link":"https:\/\/www.investforbetterclimate.eu\/es\/about\/","title":{"rendered":"Acerca de"},"content":{"rendered":"\n<p>El IfBC-UE ten\u00eda como objetivo identificar la disponibilidad de inversiones alineadas con el clima para los inversores minoristas en los mercados nacionales seleccionados, sensibilizar a los inversores individuales sobre el impacto que su dinero\/inversiones pueden tener en el clima, informarles sobre las normas y productos existentes, as\u00ed como identificar las recomendaciones pol\u00edticas que pueden ser necesarias para facilitar los cambios sociales a nivel nacional y de la UE. A trav\u00e9s de mesas redondas y c\u00edrculos locales, iniciamos el di\u00e1logo social, aumentamos la concienciaci\u00f3n y la comprensi\u00f3n de los conocimientos financieros y debatimos sobre las inversiones alineadas con el clima para los inversores minoristas, al mismo tiempo que promovimos la adquisici\u00f3n de conocimientos en relaci\u00f3n con las inversiones alineadas con el \u00a0clima para impulsar el rendimiento financiero de los inversores actuales y nuevos.<\/p>\n\n\n\n<p><strong><strong>Nuestro impacto hasta ahora<\/strong><\/strong><\/p>\n\n\n\n<ul class=\"wp-block-list\">\n<li>M\u00e1s de 440 miembros de C\u00edrculos se beneficiaron de la formaci\u00f3n IFBC &#8211; UE y de los materiales preparatorios y otros medios asociados.<\/li>\n\n\n\n<li>Desde nuestra creaci\u00f3n, hemos formado a m\u00e1s de 40 l\u00edderes de c\u00edrculos, dot\u00e1ndoles de conocimientos especializados y habilidades de liderazgo.<\/li>\n\n\n\n<li>En el conjunto de la UE, hemos ayudado al 96% de los miembros del C\u00edrculo a alcanzar sus objetivos en materia de educaci\u00f3n clim\u00e1tica y educaci\u00f3n financiera en general, mejorando sus conocimientos en un 46% (en todos los pa\u00edses y temas que abarca IFBC &#8211; UE).<\/li>\n<\/ul>\n\n\n\n<p>Por promedio, los inversores minoristas europeos (exalumnos de Espa\u00f1a, Francia, Alemania y Polonia)<\/p>\n\n\n\n<ul class=\"wp-block-list\">\n<li>contaban con ciertos conocimientos sobre c\u00f3mo invertir dinero es un instrumento para luchar contra el cambio clim\u00e1tico (34% de los miembros del C\u00edrculo). Sin embargo, tras la finalizaci\u00f3n del curso, esta cifra aument\u00f3 hasta el 63%&#8230;\u00a0\u00a0\u00a0\u00a0\u00a0\u00a0\u00a0\u00a0\u00a0\u00a0\u00a0\u00a0\u00a0<\/li>\n\n\n\n<li>Los participantes mostraron un cierto conocimiento de c\u00f3mo invertir y de c\u00f3mo hacerlo de manera que se alinee con sus valores (20%). Sin embargo, tras completar el curso, esta cifra aument\u00f3 al 72%&#8230;\u00a0\u00a0\u00a0\u00a0\u00a0\u00a0\u00a0\u00a0\u00a0\u00a0\u00a0\u00a0\u00a0<\/li>\n\n\n\n<li>carec\u00edan de una visi\u00f3n general de las oportunidades de inversi\u00f3n alineadas con el clima que tienen a su disposici\u00f3n en sus respectivos Estados miembros (5%). Sin embargo, una vez finalizado el curso, esto cambi\u00f3 y el 39% de los miembros del C\u00edrculo manifestaron tener una idea clara&#8230;\u00a0\u00a0\u00a0\u00a0\u00a0\u00a0\u00a0\u00a0\u00a0\u00a0\u00a0\u00a0\u00a0<\/li>\n\n\n\n<li>poseen conocimientos limitados sobre c\u00f3mo identificar oportunidades y mitigar riesgos antes de tomar una decisi\u00f3n de inversi\u00f3n (12%). A trav\u00e9s del IFBC &#8211; EU el 48% se siente seguro en este tema&#8230;\u00a0\u00a0\u00a0\u00a0\u00a0\u00a0\u00a0\u00a0\u00a0\u00a0\u00a0\u00a0\u00a0<\/li>\n\n\n\n<li>ten\u00edan un conocimiento muy limitado sobre c\u00f3mo protegerse del \u00abgreenwashing\u00bb (6%). A trav\u00e9s de IFBC &#8211; EU, el 62% de los miembros del C\u00edrculo indicaron haber adquirido la capacidad y las habilidades para detectar y evitar el \u00abgreenwashing\u00bb&#8230;\u00a0\u00a0\u00a0\u00a0\u00a0\u00a0\u00a0\u00a0\u00a0\u00a0\u00a0\u00a0\u00a0<\/li>\n\n\n\n<li>carec\u00edan de una visi\u00f3n general del asesoramiento gratuito e imparcial que tienen a su disposici\u00f3n (8%). A trav\u00e9s de IFBC &#8211; EU, esto cambi\u00f3 y el 27% de los miembros del c\u00edrculo pudieron identificar claramente a los proveedores locales de asesoramiento gratuito e imparcial&#8230;<\/li>\n<\/ul>\n","protected":false},"excerpt":{"rendered":"<p>El IfBC-UE ten\u00eda como objetivo identificar la disponibilidad de inversiones alineadas con el clima para los inversores minoristas en los mercados nacionales seleccionados, sensibilizar a los inversores individuales sobre el impacto que su dinero\/inversiones pueden tener en el clima, informarles sobre las normas y productos existentes, as\u00ed como identificar las recomendaciones pol\u00edticas que pueden ser [&hellip;]<\/p>\n","protected":false},"author":1,"featured_media":0,"parent":0,"menu_order":3,"comment_status":"closed","ping_status":"closed","template":"temp_about_us.php","meta":{"footnotes":""},"class_list":["post-3721","page","type-page","status-publish","hentry"],"_links":{"self":[{"href":"https:\/\/www.investforbetterclimate.eu\/es\/wp-json\/wp\/v2\/pages\/3721","targetHints":{"allow":["GET"]}}],"collection":[{"href":"https:\/\/www.investforbetterclimate.eu\/es\/wp-json\/wp\/v2\/pages"}],"about":[{"href":"https:\/\/www.investforbetterclimate.eu\/es\/wp-json\/wp\/v2\/types\/page"}],"author":[{"embeddable":true,"href":"https:\/\/www.investforbetterclimate.eu\/es\/wp-json\/wp\/v2\/users\/1"}],"replies":[{"embeddable":true,"href":"https:\/\/www.investforbetterclimate.eu\/es\/wp-json\/wp\/v2\/comments?post=3721"}],"version-history":[{"count":3,"href":"https:\/\/www.investforbetterclimate.eu\/es\/wp-json\/wp\/v2\/pages\/3721\/revisions"}],"predecessor-version":[{"id":3892,"href":"https:\/\/www.investforbetterclimate.eu\/es\/wp-json\/wp\/v2\/pages\/3721\/revisions\/3892"}],"wp:attachment":[{"href":"https:\/\/www.investforbetterclimate.eu\/es\/wp-json\/wp\/v2\/media?parent=3721"}],"curies":[{"name":"wp","href":"https:\/\/api.w.org\/{rel}","templated":true}]}}