{"id":3704,"date":"2024-05-10T17:49:15","date_gmt":"2024-05-10T15:49:15","guid":{"rendered":"https:\/\/www.investforbetterclimate.eu\/?page_id=3704"},"modified":"2024-06-14T10:48:26","modified_gmt":"2024-06-14T08:48:26","slug":"the-curriculum","status":"publish","type":"page","link":"https:\/\/www.investforbetterclimate.eu\/es\/the-curriculum\/","title":{"rendered":"El plan de estudios"},"content":{"rendered":"\n<div class=\"wp-block-group\"><div class=\"wp-block-group__inner-container is-layout-constrained wp-block-group-is-layout-constrained\">\n<p>La iniciativa Invest for Better (IfB) ha sido un programa exitoso en los Estados Unidos que permite y apoya las inversiones alineadas con los valores. Basado en el libro de Janine Firpo, Activa tu dinero: Invierte para aumentar tu patrimonio y construir un mundo, las versiones europeas de IfBC EU, as\u00ed como los libros, est\u00e1n traducidas y adaptadas para reflejar mejor las realidades de los mercados franc\u00e9s, alem\u00e1n, polaco y espa\u00f1ol.<\/p>\n<\/div><\/div>\n\n\n\n<div class=\"wp-block-group\"><div class=\"wp-block-group__inner-container is-layout-constrained wp-block-group-is-layout-constrained\">\n<h2 class=\"wp-block-heading\">Estructura del curso<\/h2>\n\n\n\n<p>El contenido del plan de estudios b\u00e1sico se imparte a lo largo de 5 m\u00f3dulos, durante los cuales los participantes se re\u00fanen en un grupo de 8 a 20 inversores minoristas. Los debates y ejercicios durante las reuniones tienen lugar en una combinaci\u00f3n de grupos peque\u00f1os y grandes para ofrecer a los participantes tanto un entorno \u00edntimo como oportunidades de aprendizaje m\u00e1s amplias.<\/p>\n\n\n\n<p>Antes de cada sesi\u00f3n, los participantes realizan entre 1 y 2 horas de autoestudio para prepararse para las conversaciones y el descubrimiento que tienen lugar en las reuniones. Los participantes pueden hacer preguntas durante las sesiones en directo con asesores financieros y otros expertos, que se celebran mensualmente.<\/p>\n<\/div><\/div>\n\n\n\n<div class=\"wp-block-group\"><div class=\"wp-block-group__inner-container is-layout-constrained wp-block-group-is-layout-constrained\">\n<h2 class=\"wp-block-heading\">Resultados<\/h2>\n\n\n\n<p>Al final del plan de estudios troncales, los participantes lograr\u00e1n:<\/p>\n\n\n\n<ul class=\"wp-block-list\">\n<li>Unirse a un espacio seguro y de confianza para compartir sus historias de dinero, aspiraciones, preocupaciones y \u00e9xitos<\/li>\n\n\n\n<li>Comprender, quiz\u00e1 por primera vez, c\u00f3mo invierten actualmente, por qu\u00e9 lo hacen y c\u00f3mo pueden mejorar el impacto financiero y social de sus carteras.<\/li>\n\n\n\n<li>Conocer nuevas formas de invertir, explorar oportunidades alineadas con los valores y debatir las mejores formas de aprovechar estas opciones.<\/li>\n\n\n\n<li>Hojas de trabajo simplificadas y autoestudio para prepararse mejor para sus inversiones actuales o futuras.<\/li>\n<\/ul>\n<\/div><\/div>\n\n\n\n<div class=\"wp-block-group\"><div class=\"wp-block-group__inner-container is-layout-constrained wp-block-group-is-layout-constrained\">\n<h2 class=\"wp-block-heading\">Contenido del curso<\/h2>\n\n\n\n<p>El plan de estudios b\u00e1sico se dise\u00f1\u00f3 para fomentar la confianza de los inversores minoristas, demostrarles el poder de sus activos de inversi\u00f3n y mostrarles c\u00f3mo activar esos recursos para hacer posible un mundo m\u00e1s justo y sostenible para todos. Estructurado para guiar a los participantes a trav\u00e9s de una serie de pasos, el autoaprendizaje y las reuniones se complementan mutuamente. Conscientes de que todos llevamos una vida muy ajetreada, los creadores del curso se esforzaron por reducir al m\u00ednimo el trabajo previo y hacer que cada reuni\u00f3n fuera interactiva, atractiva e informativa. Participantes anteriores han comentado la gran diferencia que este curso ha tenido en su actitud y relaci\u00f3n con su dinero.<\/p>\n\n\n\n<p><\/p>\n\n\n\n<h3 class=\"wp-block-heading\">M\u00f3dulo 1 &#8211; Introducci\u00f3n a la inversi\u00f3n<\/h3>\n\n\n\n<hr class=\"wp-block-separator has-alpha-channel-opacity\"\/>\n\n\n\n<p class=\"has-medium-font-size\">Visi\u00f3n general de sus activos financieros y c\u00f3mo\/por qu\u00e9 alinear el valor de sus propias inversiones.<\/p>\n\n\n\n<p><a href=\"https:\/\/www.investforbetterclimate.eu\/wp-content\/uploads\/2024\/06\/Hoja_de_trabajo_1_Invest_for_Better_Climate_EU.xlsx\" target=\"_blank\" rel=\"noreferrer noopener\">Hoja_de_trabajo_1_Invest_for_Better_Climate_EU.xlsx<\/a><\/p>\n\n\n\n<p><a href=\"https:\/\/www.investforbetterclimate.eu\/wp-content\/uploads\/2024\/06\/Invest_for_Best_Clima_Modulo_1.pdf\" data-type=\"link\" data-id=\"https:\/\/www.investforbetterclimate.eu\/wp-content\/uploads\/2024\/05\/test.pdf\" target=\"_blank\" rel=\"noreferrer noopener\">Invest_for_Best_Clima_Modulo_1.pdf<\/a><\/p>\n\n\n\n<h3 class=\"wp-block-heading\">M\u00f3dulo 2 &#8211; Lente de inversi\u00f3n clim\u00e1tica<\/h3>\n\n\n\n<hr class=\"wp-block-separator has-alpha-channel-opacity\"\/>\n\n\n\n<p>\u00bfCu\u00e1les son las iniciativas y normas a las que deben atenerse los peque\u00f1os inversores a la hora de tomar una decisi\u00f3n de inversi\u00f3n?<\/p>\n\n\n\n<p><a href=\"https:\/\/www.investforbetterclimate.eu\/wp-content\/uploads\/2024\/06\/Hoja_de_trabajo_2_Invest_for_Better_Climate_EU_Worksheet_2.xlsx\" target=\"_blank\" rel=\"noreferrer noopener\">Hoja_de_trabajo_2_Invest_for_Better_Climate_EU_Worksheet_2.xlsx<\/a><\/p>\n\n\n\n<p><a href=\"https:\/\/www.investforbetterclimate.eu\/wp-content\/uploads\/2024\/06\/Invest_for_Best_Clima_Modulo_2.pdf\" data-type=\"link\" data-id=\"https:\/\/www.investforbetterclimate.eu\/wp-content\/uploads\/2024\/05\/test.pdf\" target=\"_blank\" rel=\"noreferrer noopener\">Invest_for_Best_Clima_Modulo_2.pdf<\/a><\/p>\n\n\n\n<h3 class=\"wp-block-heading\">M\u00f3dulo 3 &#8211; Perspectivas del sector<\/h3>\n\n\n\n<hr class=\"wp-block-separator has-alpha-channel-opacity\"\/>\n\n\n\n<p>Una visi\u00f3n general de los instrumentos financieros orientados a la sostenibilidad y el clima actualmente disponibles para los inversores minoristas en los pa\u00edses europeos incluidos en el \u00e1mbito de aplicaci\u00f3n.<\/p>\n\n\n\n<p><\/p>\n\n\n\n<p><a href=\"https:\/\/www.investforbetterclimate.eu\/wp-content\/uploads\/2024\/06\/Invest_for_Best_Clima_Modulo_3.pdf\" data-type=\"link\" data-id=\"https:\/\/www.investforbetterclimate.eu\/wp-content\/uploads\/2024\/05\/test.pdf\" target=\"_blank\" rel=\"noreferrer noopener\">Invest_for_Best_Clima_Modulo_3.pdf<\/a><\/p>\n\n\n\n<h3 class=\"wp-block-heading\">M\u00f3dulo 4 &#8211; Riesgos financieros relacionados con el clima<\/h3>\n\n\n\n<hr class=\"wp-block-separator has-alpha-channel-opacity\"\/>\n\n\n\n<p>Comprender la relaci\u00f3n entre los riesgos clim\u00e1ticos (y las oportunidades) y su relaci\u00f3n con los riesgos financieros.<\/p>\n\n\n\n<p><a href=\"https:\/\/www.investforbetterclimate.eu\/wp-content\/uploads\/2024\/06\/Hoja_de_trabajo_4_Invest_for_Better_Climate_EU.xlsx\" data-type=\"link\" data-id=\"https:\/\/www.investforbetterclimate.eu\/wp-content\/uploads\/2024\/05\/test.pdf\" target=\"_blank\" rel=\"noreferrer noopener\">Hoja_de_trabajo_4_Invest_for_Better_Climate_EU.xslx<\/a><\/p>\n\n\n\n<p><a href=\"https:\/\/www.investforbetterclimate.eu\/wp-content\/uploads\/2024\/06\/Invest_for_Best_Clima_Modulo_4.pdf\" data-type=\"link\" data-id=\"https:\/\/www.investforbetterclimate.eu\/wp-content\/uploads\/2024\/05\/test.pdf\" target=\"_blank\" rel=\"noreferrer noopener\">Invest_for_Best_Clima_Modulo_4.pdf<\/a><\/p>\n\n\n\n<h3 class=\"wp-block-heading\">M\u00f3dulo 5 &#8211; Lavado verde<\/h3>\n\n\n\n<hr class=\"wp-block-separator has-alpha-channel-opacity\"\/>\n\n\n\n<p>\u00bfC\u00f3mo detectar y evitar el lavado verde y c\u00f3mo denunciarlo? Aseg\u00farese de que sus inversiones est\u00e1n protegidas contra el lavado verde y sus consecuencias.<\/p>\n\n\n\n<p><a href=\"https:\/\/www.investforbetterclimate.eu\/wp-content\/uploads\/2024\/06\/Hoja_de_trabajo_5_Invest_for_Better_Climate_EU.xlsx\" data-type=\"link\" data-id=\"https:\/\/www.investforbetterclimate.eu\/wp-content\/uploads\/2024\/05\/test.pdf\" target=\"_blank\" rel=\"noreferrer noopener\">Hoja_de_trabajo_5_Invest_for_Better_Climate_EU.xslx<\/a><\/p>\n\n\n\n<p><a href=\"https:\/\/www.investforbetterclimate.eu\/wp-content\/uploads\/2024\/06\/Invest_for_Best_Clima_Modulo_5.pdf\" data-type=\"link\" data-id=\"https:\/\/www.investforbetterclimate.eu\/wp-content\/uploads\/2024\/05\/test.pdf\" target=\"_blank\" rel=\"noreferrer noopener\">Invest_for_Best_Clima_Modulo_5.pdf<\/a><\/p>\n<\/div><\/div>\n","protected":false},"excerpt":{"rendered":"<p>La iniciativa Invest for Better (IfB) ha sido un programa exitoso en los Estados Unidos que permite y apoya las inversiones alineadas con los valores. Basado en el libro de Janine Firpo, Activa tu dinero: Invierte para aumentar tu patrimonio y construir un mundo, las versiones europeas de IfBC EU, as\u00ed como los libros, est\u00e1n [&hellip;]<\/p>\n","protected":false},"author":1,"featured_media":0,"parent":0,"menu_order":38,"comment_status":"closed","ping_status":"closed","template":"","meta":{"footnotes":""},"class_list":["post-3704","page","type-page","status-publish","hentry"],"_links":{"self":[{"href":"https:\/\/www.investforbetterclimate.eu\/es\/wp-json\/wp\/v2\/pages\/3704","targetHints":{"allow":["GET"]}}],"collection":[{"href":"https:\/\/www.investforbetterclimate.eu\/es\/wp-json\/wp\/v2\/pages"}],"about":[{"href":"https:\/\/www.investforbetterclimate.eu\/es\/wp-json\/wp\/v2\/types\/page"}],"author":[{"embeddable":true,"href":"https:\/\/www.investforbetterclimate.eu\/es\/wp-json\/wp\/v2\/users\/1"}],"replies":[{"embeddable":true,"href":"https:\/\/www.investforbetterclimate.eu\/es\/wp-json\/wp\/v2\/comments?post=3704"}],"version-history":[{"count":8,"href":"https:\/\/www.investforbetterclimate.eu\/es\/wp-json\/wp\/v2\/pages\/3704\/revisions"}],"predecessor-version":[{"id":4063,"href":"https:\/\/www.investforbetterclimate.eu\/es\/wp-json\/wp\/v2\/pages\/3704\/revisions\/4063"}],"wp:attachment":[{"href":"https:\/\/www.investforbetterclimate.eu\/es\/wp-json\/wp\/v2\/media?parent=3704"}],"curies":[{"name":"wp","href":"https:\/\/api.w.org\/{rel}","templated":true}]}}