{"id":3277,"date":"2024-02-27T15:03:48","date_gmt":"2024-02-27T14:03:48","guid":{"rendered":"https:\/\/www.investforbetterclimate.eu\/open-call-1\/"},"modified":"2024-06-13T17:00:30","modified_gmt":"2024-06-13T15:00:30","slug":"open-call-1","status":"publish","type":"page","link":"https:\/\/www.investforbetterclimate.eu\/es\/","title":{"rendered":"Bienvenido"},"content":{"rendered":"\n<div class=\"wp-block-group\"><div class=\"wp-block-group__inner-container is-layout-constrained wp-block-group-is-layout-constrained\">\n<h2 class=\"wp-block-heading\"><strong><strong><strong>Acceda a su poder financiero<\/strong><\/strong><\/strong><\/h2>\n\n\n\n<p>\u00danase a una comunidad que transforma el mundo invirtiendo en valores<\/p>\n\n\n\n<p>Invest for Better Climate EU es un programa que dota a los inversores minoristas de las habilidades y la confianza necesarias para hacerse cargo de sus activos en aras de un cambio positivo. A trav\u00e9s de una comunidad inversora alineada con los valores, una educaci\u00f3n financiera respaldada por expertos y c\u00edrculos de aprendizaje facilitados, nuestros miembros adquieren confianza y hacen crecer su patrimonio al tiempo que defienden la sostenibilidad y la justicia social.<\/p>\n\n\n\n<h3 class=\"wp-block-heading\">Testimonios<\/h3>\n\n\n    <div class=\"testimonies_slider_box\">\r\n    <ul class=\"slides\">\r\n                <li class=\"\"> \r\n        <div class=\"testimonies_content\">    \r\n                <div class=\"detail\">\t\r\n\t\t\t\u00abHa sido un proyecto interesante, y m\u00e1s en estos d\u00edas en los que estamos viendo c\u00f3mo el planeta y el clima est\u00e1n cambiando a una velocidad vertiginosa. No hay planeta B, como se dice, pero es cierto.\u00bb          \r\n        <\/div>\r\n        <\/div>\r\n\t\t<\/li>\r\n                <li class=\"\"> \r\n        <div class=\"testimonies_content\">    \r\n                <div class=\"detail\">\t\r\n\t\t\t\u00abAunque no pude asistir a los talleres en directo, me agrad\u00f3 que subieran los videos a YouTube para poder verlos despu\u00e9s\u00bb          \r\n        <\/div>\r\n        <\/div>\r\n\t\t<\/li>\r\n                <li class=\"\"> \r\n        <div class=\"testimonies_content\">    \r\n                <div class=\"detail\">\t\r\n\t\t\t\u00abAdem\u00e1s, la profesora, Eylo, del grupo 2, fue s\u00faper simp\u00e1tica y realizo los talleres muy amenos y resolvi\u00f3 todas nuestras dudas. Me gust\u00f3 mucho que despu\u00e9s de cada clase se generara un debate en el grupo y que comparti\u00e9ramos noticias para aprender m\u00e1s juntos.\u00bb          \r\n        <\/div>\r\n        <\/div>\r\n\t\t<\/li>\r\n                <li class=\"\"> \r\n        <div class=\"testimonies_content\">    \r\n                <div class=\"detail\">\t\r\n\t\t\t\u00abMe gust\u00f3 bastante el curso, profesor Mat\u00edas muy ameno y competente, los m\u00f3dulos estaban bastante bien, mucha informaci\u00f3n para poder aplicar en el futuro. Saludos.\u00bb          \r\n        <\/div>\r\n        <\/div>\r\n\t\t<\/li>\r\n                <li class=\"\"> \r\n        <div class=\"testimonies_content\">    \r\n                <div class=\"detail\">\t\r\n\t\t\t\u201cMe ha parecido muy interesante y he aprendido muchas cosas que no sab\u00eda. Muchas gracias por ofrecer est\u00e1s formaciones\u201d          \r\n        <\/div>\r\n        <\/div>\r\n\t\t<\/li>\r\n                <li class=\"\"> \r\n        <div class=\"testimonies_content\">    \r\n                <div class=\"detail\">\t\r\n\t\t\t\u00abMi opinini\u00f3n del curso fu\u00e9 muy satisfactoria como manifest\u00e9 expresamente en el Discord Grupo 8.\u00bb          \r\n        <\/div>\r\n        <\/div>\r\n\t\t<\/li>\r\n                <li class=\"\"> \r\n        <div class=\"testimonies_content\">    \r\n                <div class=\"detail\">\t\r\n\t\t\t\u00abHa parecido muy interesante el concepto de greenwashing y la manipulaci\u00f3n de algunas empresas respecto de las inversiones sostenibles.\u00bb          \r\n        <\/div>\r\n        <\/div>\r\n\t\t<\/li>\r\n                <li class=\"\"> \r\n        <div class=\"testimonies_content\">    \r\n                <div class=\"detail\">\t\r\n\t\t\t\u00abEl curso ha resultado ameno, clarificador y enriquecedor. Eylo explica de diez y eso ayuda mucho, ya podemos hablar correctamente de greenwashing o de banca \u00e9tica&#8230; Muchas gracias.\u00bb          \r\n        <\/div>\r\n        <\/div>\r\n\t\t<\/li>\r\n                <li class=\"\"> \r\n        <div class=\"testimonies_content\">    \r\n                <div class=\"detail\">\t\r\n\t\t\t\u00abHubiera preferido que las sesiones formativas duraran menos tiempo&#8230;quiz\u00e1s sesiones de 1 hora&#8230; por el tiempo que supone estar frente al ordenador. Me ha servido mucho el aprendizaje en este sector de la educaci\u00f3n financiera. Volver\u00e9 a participar en los pr\u00f3ximos cursos que se realicen.\u00bb          \r\n        <\/div>\r\n        <\/div>\r\n\t\t<\/li>\r\n                <li class=\"\"> \r\n        <div class=\"testimonies_content\">    \r\n                <div class=\"detail\">\t\r\n\t\t\t\u00abHe descubierto que alguna inversi\u00f3n que yo consideraba sostenible porque as\u00ed lo difund\u00eda la caja con la que trabajo, no lo era tanto. En resumen, me ha abierto los ojos y ahora s\u00e9 mejor en que tengo que fijarme.\u00bb          \r\n        <\/div>\r\n        <\/div>\r\n\t\t<\/li>\r\n            <\/ul>\r\n    <\/div>\r\n    \n<\/div><\/div>\n\n\n\n<div class=\"wp-block-group\"><div class=\"wp-block-group__inner-container is-layout-constrained wp-block-group-is-layout-constrained\">\n<h2 class=\"wp-block-heading\"><strong><strong>Hable de su dinero<\/strong><\/strong><\/h2>\n\n\n\n<p>Hay muchos lugares donde aprender a invertir, pero IFBC &#8211; EU es \u00fanico. Si usted es como nosotros y quiere aumentar sus conocimientos sobre inversi\u00f3n y hacer crecer su patrimonio, a trav\u00e9s de un di\u00e1logo abierto y utilizando diversos recursos sobre c\u00f3mo calcular sus activos y pasivos y en qu\u00e9 debe fijarse a la hora de construir su cartera, por ejemplo, no est\u00e1 solo. El IFBC &#8211; EU con sus grupos de estudio &#8211; nuestro Circle Experience &#8211; le ofrece exactamente eso.<\/p>\n<\/div><\/div>\n\n\n\n<div class=\"wp-block-group\"><div class=\"wp-block-group__inner-container is-layout-constrained wp-block-group-is-layout-constrained\">\n<h2 class=\"wp-block-heading\"><strong><strong>Invierta sus valores clim\u00e1ticos<\/strong><\/strong><\/h2>\n\n\n\n<p>Adem\u00e1s, usted quiere saber qu\u00e9 impacto tienen sus inversiones en el mundo. Usted quiere que su dinero se invierta en empresas que est\u00e1n creando soluciones, forjando un nuevo camino que conducir\u00e1 a un planeta y una sociedad sostenible de los que pueda sentirse orgullosa de legar a tus hijos y nietos. Tambi\u00e9n quiere ayudar a otras mujeres y apoyar a su comunidad local. En nuestros m\u00f3dulos descubrir\u00e1 opciones para hacer del mundo un lugar mejor con su dinero, sus acciones&#8230; todos sus activos.<\/p>\n\n\n\n<p class=\"has-text-align-center\"><\/p>\n<\/div><\/div>\n","protected":false},"excerpt":{"rendered":"<p>Acceda a su poder financiero \u00danase a una comunidad que transforma el mundo invirtiendo en valores Invest for Better Climate EU es un programa que dota a los inversores minoristas de las habilidades y la confianza necesarias para hacerse cargo de sus activos en aras de un cambio positivo. A trav\u00e9s de una comunidad inversora [&hellip;]<\/p>\n","protected":false},"author":1,"featured_media":0,"parent":0,"menu_order":45,"comment_status":"closed","ping_status":"closed","template":"","meta":{"footnotes":""},"class_list":["post-3277","page","type-page","status-publish","hentry"],"_links":{"self":[{"href":"https:\/\/www.investforbetterclimate.eu\/es\/wp-json\/wp\/v2\/pages\/3277","targetHints":{"allow":["GET"]}}],"collection":[{"href":"https:\/\/www.investforbetterclimate.eu\/es\/wp-json\/wp\/v2\/pages"}],"about":[{"href":"https:\/\/www.investforbetterclimate.eu\/es\/wp-json\/wp\/v2\/types\/page"}],"author":[{"embeddable":true,"href":"https:\/\/www.investforbetterclimate.eu\/es\/wp-json\/wp\/v2\/users\/1"}],"replies":[{"embeddable":true,"href":"https:\/\/www.investforbetterclimate.eu\/es\/wp-json\/wp\/v2\/comments?post=3277"}],"version-history":[{"count":4,"href":"https:\/\/www.investforbetterclimate.eu\/es\/wp-json\/wp\/v2\/pages\/3277\/revisions"}],"predecessor-version":[{"id":3806,"href":"https:\/\/www.investforbetterclimate.eu\/es\/wp-json\/wp\/v2\/pages\/3277\/revisions\/3806"}],"wp:attachment":[{"href":"https:\/\/www.investforbetterclimate.eu\/es\/wp-json\/wp\/v2\/media?parent=3277"}],"curies":[{"name":"wp","href":"https:\/\/api.w.org\/{rel}","templated":true}]}}