{"id":3610,"date":"2024-05-10T18:19:08","date_gmt":"2024-05-10T16:19:08","guid":{"rendered":"https:\/\/www.investforbetterclimate.eu\/?page_id=3610"},"modified":"2024-06-12T18:59:24","modified_gmt":"2024-06-12T16:59:24","slug":"das-projekt","status":"publish","type":"page","link":"https:\/\/www.investforbetterclimate.eu\/de\/das-projekt\/","title":{"rendered":"Das Projekt"},"content":{"rendered":"\n<p>Ziel des IfBC-EU-Projekts war es, die Verf\u00fcgbarkeit von klimaorientierten Anlagen f\u00fcr Kleinanleger in den ausgew\u00e4hlten nationalen M\u00e4rkten zu ermitteln, das Bewusstsein der einzelnen Anleger f\u00fcr die Auswirkungen zu sch\u00e4rfen, die ihr Geld bzw. ihre Anlagen auf das Klima haben k\u00f6nnen, sie \u00fcber bestehende Standards und Produkte zu informieren und politische Empfehlungen zu ermitteln, die m\u00f6glicherweise erforderlich sind, um einen gesellschaftlichen Wandel auf nationaler und EU-Ebene zu erleichtern. Durch lokale Rundtischgespr\u00e4che und Diskussionsgruppen haben wir einen sozialen Dialog initiiert, das Bewusstsein und das Verst\u00e4ndnis f\u00fcr Finanzwissen gesch\u00e4rft und klimafreundliches Investieren f\u00fcr Kleinanleger er\u00f6rtert, w\u00e4hrend wir gleichzeitig den Aufbau von Wissen \u00fcber klimafreundliches Investieren gef\u00f6rdert haben, um die finanziellen Ertr\u00e4ge f\u00fcr bestehende und neue Anleger zu steigern.<\/p>\n\n\n\n<p><strong><strong>Unser bisheriger Einfluss<\/strong><\/strong><\/p>\n\n\n\n<ul class=\"wp-block-list\">\n<li>\u00dcber 440 Zirkelmitglieder haben von der IFBC-EU-Schulung und den damit verbundenen Vorbereitungsmaterialien und anderen Medien profitiert.<\/li>\n\n\n\n<li>Seit unserer Gr\u00fcndung haben wir mehr als 40 Circle Leaders ausgebildet und sie mit Fachwissen und F\u00fchrungsqualit\u00e4ten ausgestattet.<\/li>\n\n\n\n<li>Auf aggregierter EU-Ebene haben wir 96 % der Circle-Mitglieder dabei unterst\u00fctzt, ihre Ziele in Bezug auf Klimabildung und Finanzwissen im weiteren Sinne zu erreichen, und ihr Wissen um 46 % verbessert (\u00fcber alle L\u00e4nder und Themen, die IFBC &#8211; EU umfassen).<\/li>\n<\/ul>\n\n\n\n<p><strong>Im Durchschnitt haben europ\u00e4ische Kleinanleger (Alumni aus Spanien, Frankreich, Deutschland und Polen):<\/strong><\/p>\n\n\n\n<ul class=\"wp-block-list\">\n<li>verf\u00fcgen \u00fcber ein gewisses Wissen dar\u00fcber, wie Geldanlagen zur Bek\u00e4mpfung des Klimawandels beitragen k\u00f6nnen (34 % der Circle Members). Nach Abschluss des Kurses stieg diese Zahl jedoch auf 63 %&#8230;\u00a0\u00a0\u00a0\u00a0\u00a0\u00a0\u00a0\u00a0\u00a0\u00a0<\/li>\n\n\n\n<li>ein gewisses Verst\u00e4ndnis f\u00fcr die notwendigen Schritte bei der Geldanlage und daf\u00fcr, wie man auf eine Weise investiert, die mit den eigenen Werten \u00fcbereinstimmt (20%). Nach Abschluss des Kurses stieg diese Zahl jedoch auf 72 %&#8230;\u00a0\u00a0\u00a0\u00a0\u00a0\u00a0\u00a0\u00a0\u00a0\u00a0\u00a0\u00a0\u00a0<\/li>\n\n\n\n<li>keinen \u00dcberblick \u00fcber die klimabezogenen Investitionsm\u00f6glichkeiten, die ihnen in ihren jeweiligen Mitgliedstaaten zur Verf\u00fcgung stehen (5 %). Nach Abschluss des Kurses \u00e4nderte sich dies jedoch auf 39% der Circle-Mitglieder, die ein klares Verst\u00e4ndnis&#8230;\u00a0\u00a0\u00a0\u00a0\u00a0\u00a0\u00a0\u00a0\u00a0\u00a0\u00a0\u00a0\u00a0<\/li>\n\n\n\n<li>nur begrenzte Kenntnisse dar\u00fcber besitzen, wie sie Chancen erkennen und Risiken abmildern k\u00f6nnen, bevor sie eine Investitionsentscheidung treffen (12 %). Durch die IFBC &#8211; EU f\u00fchlten sich 48% in diesem Bereich sicher&#8230;\u00a0\u00a0\u00a0\u00a0\u00a0\u00a0\u00a0\u00a0\u00a0\u00a0\u00a0\u00a0\u00a0<\/li>\n\n\n\n<li>wissen nur sehr begrenzt, wie sie sich vor Greenwashing sch\u00fctzen k\u00f6nnen (6%). Durch IFBC &#8211; EU gaben 62% der Circle-Mitglieder an, dass sie die F\u00e4higkeit und Fertigkeiten erlangt haben, Greenwashing zu erkennen und zu vermeiden&#8230;\u00a0<\/li>\n\n\n\n<li>keinen \u00dcberblick \u00fcber die kostenlose und unvoreingenommene Beratung zu haben, die ihnen zur Verf\u00fcgung steht (8%). Durch IFBC &#8211; EU \u00e4nderte sich dies auf 27% der Circle-Mitglieder, die ihre lokalen kostenlosen\/unvoreingenommenen Beratungsanbieter klar identifizieren konnten&#8230;<\/li>\n<\/ul>\n","protected":false},"excerpt":{"rendered":"<p>Ziel des IfBC-EU-Projekts war es, die Verf\u00fcgbarkeit von klimaorientierten Anlagen f\u00fcr Kleinanleger in den ausgew\u00e4hlten nationalen M\u00e4rkten zu ermitteln, das Bewusstsein der einzelnen Anleger f\u00fcr die Auswirkungen zu sch\u00e4rfen, die ihr Geld bzw. ihre Anlagen auf das Klima haben k\u00f6nnen, sie \u00fcber bestehende Standards und Produkte zu informieren und politische Empfehlungen zu ermitteln, die m\u00f6glicherweise [&hellip;]<\/p>\n","protected":false},"author":1,"featured_media":0,"parent":0,"menu_order":5,"comment_status":"closed","ping_status":"closed","template":"temp_about_us.php","meta":{"footnotes":""},"class_list":["post-3610","page","type-page","status-publish","hentry"],"_links":{"self":[{"href":"https:\/\/www.investforbetterclimate.eu\/de\/wp-json\/wp\/v2\/pages\/3610","targetHints":{"allow":["GET"]}}],"collection":[{"href":"https:\/\/www.investforbetterclimate.eu\/de\/wp-json\/wp\/v2\/pages"}],"about":[{"href":"https:\/\/www.investforbetterclimate.eu\/de\/wp-json\/wp\/v2\/types\/page"}],"author":[{"embeddable":true,"href":"https:\/\/www.investforbetterclimate.eu\/de\/wp-json\/wp\/v2\/users\/1"}],"replies":[{"embeddable":true,"href":"https:\/\/www.investforbetterclimate.eu\/de\/wp-json\/wp\/v2\/comments?post=3610"}],"version-history":[{"count":2,"href":"https:\/\/www.investforbetterclimate.eu\/de\/wp-json\/wp\/v2\/pages\/3610\/revisions"}],"predecessor-version":[{"id":3613,"href":"https:\/\/www.investforbetterclimate.eu\/de\/wp-json\/wp\/v2\/pages\/3610\/revisions\/3613"}],"wp:attachment":[{"href":"https:\/\/www.investforbetterclimate.eu\/de\/wp-json\/wp\/v2\/media?parent=3610"}],"curies":[{"name":"wp","href":"https:\/\/api.w.org\/{rel}","templated":true}]}}