{"id":3581,"date":"2024-05-10T18:12:18","date_gmt":"2024-05-10T16:12:18","guid":{"rendered":"https:\/\/www.investforbetterclimate.eu\/?page_id=3581"},"modified":"2024-06-13T12:00:30","modified_gmt":"2024-06-13T10:00:30","slug":"die-erfahrung","status":"publish","type":"page","link":"https:\/\/www.investforbetterclimate.eu\/de\/die-erfahrung\/","title":{"rendered":"Die Erfahrung"},"content":{"rendered":"\n<div class=\"wp-block-group\"><div class=\"wp-block-group__inner-container is-layout-constrained wp-block-group-is-layout-constrained\">\n<p>Wenn Sie Invest for Better Climate EU beitreten, haben Sie die M\u00f6glichkeit, an unseren Circle-Erfahrungen teilzunehmen. Durch Ihren Circle werden Sie nicht nur Ihr pers\u00f6nliches Anlagewissen erweitern, sondern auch eine vertrauensvolle Gemeinschaft aufbauen. Sie werden &#8211; m\u00f6glicherweise zum ersten Mal \u00fcberhaupt &#8211; einen sicheren Ort haben, in dem Sie mit einer Gruppe gleichgesinnter Privatanleger \u00fcber Ihr Geld sprechen k\u00f6nnen, die Sie ermutigen und unterst\u00fctzen werden, um Ihre finanziellen Ziele zu erreichen.<\/p>\n<\/div><\/div>\n\n\n\n<div class=\"wp-block-group\"><div class=\"wp-block-group__inner-container is-layout-constrained wp-block-group-is-layout-constrained\">\n<h2 class=\"wp-block-heading\"><strong><strong>Wie die Circles funktionieren<\/strong><\/strong><\/h2>\n\n\n\n<p>IFB-Circles sind kleine, von Gleichgesinnten geleitete Gruppen von acht bis 20 Personen, die sich zusammenschlie\u00dfen, um zu lernen, pers\u00f6nliche Erfahrungen auszutauschen und sich gegenseitig dabei zu unterst\u00fctzen, selbstbewusste und werteorientierte Anleger zu werden. Die Lernerfahrung umfasst Phasen des Selbststudiums, monatliche Treffen und verantwortliche Lernpartner.<\/p>\n<\/div><\/div>\n\n\n\n<div class=\"wp-block-group\"><div class=\"wp-block-group__inner-container is-layout-constrained wp-block-group-is-layout-constrained\">\n<h2 class=\"wp-block-heading\"><strong><strong>Struktur der Circle<\/strong><\/strong><\/h2>\n\n\n\n<p>Wenn Sie an einem IFBC-EU-Circle teilnehmen, befinden Sie sich in bester Gesellschaft. Unsere Circle umfassen:<\/p>\n\n\n\n<div style=\"height:30px\" aria-hidden=\"true\" class=\"wp-block-spacer\"><\/div>\n\n\n<div class=\"wp-block-image is-style-default\">\n<figure class=\"alignleft size-thumbnail is-resized\"><img loading=\"lazy\" decoding=\"async\" width=\"75\" height=\"75\" src=\"https:\/\/www.investforbetterclimate.eu\/wp-content\/uploads\/2024\/05\/01.fw_-75x75.png\" alt=\"\" class=\"wp-image-2670\" style=\"width:50px\" srcset=\"https:\/\/www.investforbetterclimate.eu\/wp-content\/uploads\/2024\/05\/01.fw_-75x75.png 75w, https:\/\/www.investforbetterclimate.eu\/wp-content\/uploads\/2024\/05\/01.fw_.png 200w\" sizes=\"auto, (max-width: 75px) 100vw, 75px\" \/><\/figure>\n<\/div>\n\n\n<p>Gruppen von acht bis 20 Privatanlegern mit den unterschiedlichsten Perspektiven, die sich verpflichten, jeden Monat etwa eine Stunde Selbststudium zu betreiben und \u00fcber zwei Monate hinweg an f\u00fcnf Sitzungen teilzunehmen.<\/p>\n\n\n\n<div style=\"height:30px\" aria-hidden=\"true\" class=\"wp-block-spacer\"><\/div>\n\n\n<div class=\"wp-block-image is-style-default\">\n<figure class=\"alignleft size-thumbnail is-resized\"><img loading=\"lazy\" decoding=\"async\" width=\"75\" height=\"75\" src=\"https:\/\/www.investforbetterclimate.eu\/wp-content\/uploads\/2024\/05\/01.fw_-1-75x75.png\" alt=\"\" class=\"wp-image-2673\" style=\"width:50px\" srcset=\"https:\/\/www.investforbetterclimate.eu\/wp-content\/uploads\/2024\/05\/01.fw_-1-75x75.png 75w, https:\/\/www.investforbetterclimate.eu\/wp-content\/uploads\/2024\/05\/01.fw_-1.png 200w\" sizes=\"auto, (max-width: 75px) 100vw, 75px\" \/><\/figure>\n<\/div>\n\n\n<p>Kursleiter, die von den lokalen IFBC-EU-Teams ausgew\u00e4hlt und geschult werden, um Treffen zu erleichtern und eine Kultur der gemeinsamen Erfahrung und des Zusammenhalts f\u00fcr die Circelmitglieder aufzubauen.<\/p>\n\n\n\n<div style=\"height:30px\" aria-hidden=\"true\" class=\"wp-block-spacer\"><\/div>\n\n\n<div class=\"wp-block-image is-style-default\">\n<figure class=\"alignleft size-thumbnail is-resized\"><img loading=\"lazy\" decoding=\"async\" width=\"75\" height=\"75\" src=\"https:\/\/www.investforbetterclimate.eu\/wp-content\/uploads\/2024\/05\/01.fw_-2-75x75.png\" alt=\"\" class=\"wp-image-2675\" style=\"width:50px\" srcset=\"https:\/\/www.investforbetterclimate.eu\/wp-content\/uploads\/2024\/05\/01.fw_-2-75x75.png 75w, https:\/\/www.investforbetterclimate.eu\/wp-content\/uploads\/2024\/05\/01.fw_-2.png 200w\" sizes=\"auto, (max-width: 75px) 100vw, 75px\" \/><\/figure>\n<\/div>\n\n\n<p>Ein klar strukturierter Lehrplan, der den Aufbau von Wissen und die F\u00f6rderung von Ma\u00dfnahmen vorsieht und gleichzeitig flexibel genug ist, um auf die individuellen Bed\u00fcrfnisse der einzelnen Gruppen einzugehen.<\/p>\n\n\n\n<div style=\"height:30px\" aria-hidden=\"true\" class=\"wp-block-spacer\"><\/div>\n\n\n<div class=\"wp-block-image is-style-default\">\n<figure class=\"alignleft size-thumbnail is-resized\"><img loading=\"lazy\" decoding=\"async\" width=\"75\" height=\"75\" src=\"https:\/\/www.investforbetterclimate.eu\/wp-content\/uploads\/2024\/05\/01.fw_-3-75x75.png\" alt=\"\" class=\"wp-image-2678\" style=\"width:50px\" srcset=\"https:\/\/www.investforbetterclimate.eu\/wp-content\/uploads\/2024\/05\/01.fw_-3-75x75.png 75w, https:\/\/www.investforbetterclimate.eu\/wp-content\/uploads\/2024\/05\/01.fw_-3.png 200w\" sizes=\"auto, (max-width: 75px) 100vw, 75px\" \/><\/figure>\n<\/div>\n\n\n<p>Verantwortliche Lernpartner, die den Weg mit Ihnen gehen und Ihnen helfen, die n\u00e4chsten Schritte zu finden, die Sie unternehmen wollen, um Ihr Geld in einer finanziell und sozial verantwortlichen Weise zu bewegen.<\/p>\n\n\n\n<div style=\"height:30px\" aria-hidden=\"true\" class=\"wp-block-spacer\"><\/div>\n\n\n\n<p><\/p>\n<\/div><\/div>\n\n\n\n<div class=\"wp-block-group\"><div class=\"wp-block-group__inner-container is-layout-constrained wp-block-group-is-layout-constrained\">\n<h3 class=\"wp-block-heading\">Zeugnisse<\/h3>\n\n\n    <div class=\"testimonies_slider_box\">\r\n    <ul class=\"slides\">\r\n                <li class=\"\"> \r\n        <div class=\"testimonies_content\">    \r\n                <div class=\"detail\">\t\r\n\t\t\t&#8222;Vielen herzlichen Dank f\u00fcr die Unterlagen und vor allem f\u00fcr das Angebot der DSW, dieses Seminar zum Nachhaltigen Investment besuchen zu d\u00fcrfen! Es war sehr interessant und hat mir Spa\u00df gemacht.&#8220;          \r\n        <\/div>\r\n        <\/div>\r\n\t\t<\/li>\r\n                <li class=\"\"> \r\n        <div class=\"testimonies_content\">    \r\n                <div class=\"detail\">\t\r\n\t\t\t&#8222;Es hat mir wirklich sehr gut gefallen und es war sehr informativ und verst\u00e4ndlich dargestellt \u2013 vor allem die Pr\u00e4sentationen&#8220;          \r\n        <\/div>\r\n        <\/div>\r\n\t\t<\/li>\r\n                <li class=\"\"> \r\n        <div class=\"testimonies_content\">    \r\n                <div class=\"detail\">\t\r\n\t\t\t&#8222;Die Seminarreihe war sehr informativ und ich bedauere, dass ich nicht bei allen Terminen dabei sein konnte.&#8220;          \r\n        <\/div>\r\n        <\/div>\r\n\t\t<\/li>\r\n                <li class=\"\"> \r\n        <div class=\"testimonies_content\">    \r\n                <div class=\"detail\">\t\r\n\t\t\t&#8222;Ich danke Ihnen f\u00fcr den tollen Input und freue mich auf die Unterlagen.&#8220;          \r\n        <\/div>\r\n        <\/div>\r\n\t\t<\/li>\r\n                <li class=\"\"> \r\n        <div class=\"testimonies_content\">    \r\n                <div class=\"detail\">\t\r\n\t\t\t&#8222;Das war ein sehr gutes Projekt, eine wichtige initiative zur finanziellen Bildung von Frauen. Ich hoffe, das war nur der Startschuss.&#8220;          \r\n        <\/div>\r\n        <\/div>\r\n\t\t<\/li>\r\n                <li class=\"\"> \r\n        <div class=\"testimonies_content\">    \r\n                <div class=\"detail\">\t\r\n\t\t\t&#8222;Ich habe einen guten Einblick in das Thema der nachhaltigen Geldanlage erhalten. Vielen Dank daf\u00fcr.&#8220;          \r\n        <\/div>\r\n        <\/div>\r\n\t\t<\/li>\r\n            <\/ul>\r\n    <\/div>\r\n    \n<\/div><\/div>\n","protected":false},"excerpt":{"rendered":"<p>Wenn Sie Invest for Better Climate EU beitreten, haben Sie die M\u00f6glichkeit, an unseren Circle-Erfahrungen teilzunehmen. Durch Ihren Circle werden Sie nicht nur Ihr pers\u00f6nliches Anlagewissen erweitern, sondern auch eine vertrauensvolle Gemeinschaft aufbauen. Sie werden &#8211; m\u00f6glicherweise zum ersten Mal \u00fcberhaupt &#8211; einen sicheren Ort haben, in dem Sie mit einer Gruppe gleichgesinnter Privatanleger \u00fcber [&hellip;]<\/p>\n","protected":false},"author":1,"featured_media":0,"parent":0,"menu_order":26,"comment_status":"closed","ping_status":"closed","template":"","meta":{"footnotes":""},"class_list":["post-3581","page","type-page","status-publish","hentry"],"_links":{"self":[{"href":"https:\/\/www.investforbetterclimate.eu\/de\/wp-json\/wp\/v2\/pages\/3581","targetHints":{"allow":["GET"]}}],"collection":[{"href":"https:\/\/www.investforbetterclimate.eu\/de\/wp-json\/wp\/v2\/pages"}],"about":[{"href":"https:\/\/www.investforbetterclimate.eu\/de\/wp-json\/wp\/v2\/types\/page"}],"author":[{"embeddable":true,"href":"https:\/\/www.investforbetterclimate.eu\/de\/wp-json\/wp\/v2\/users\/1"}],"replies":[{"embeddable":true,"href":"https:\/\/www.investforbetterclimate.eu\/de\/wp-json\/wp\/v2\/comments?post=3581"}],"version-history":[{"count":4,"href":"https:\/\/www.investforbetterclimate.eu\/de\/wp-json\/wp\/v2\/pages\/3581\/revisions"}],"predecessor-version":[{"id":3697,"href":"https:\/\/www.investforbetterclimate.eu\/de\/wp-json\/wp\/v2\/pages\/3581\/revisions\/3697"}],"wp:attachment":[{"href":"https:\/\/www.investforbetterclimate.eu\/de\/wp-json\/wp\/v2\/media?parent=3581"}],"curies":[{"name":"wp","href":"https:\/\/api.w.org\/{rel}","templated":true}]}}