{"id":3555,"date":"2024-05-10T17:49:15","date_gmt":"2024-05-10T15:49:15","guid":{"rendered":"https:\/\/www.investforbetterclimate.eu\/?page_id=3555"},"modified":"2024-06-14T10:47:50","modified_gmt":"2024-06-14T08:47:50","slug":"der-kursplan","status":"publish","type":"page","link":"https:\/\/www.investforbetterclimate.eu\/de\/der-kursplan\/","title":{"rendered":"Der Kursplan"},"content":{"rendered":"\n<div class=\"wp-block-group\"><div class=\"wp-block-group__inner-container is-layout-constrained wp-block-group-is-layout-constrained\">\n<p>Die Initiative Invest for Better (IfB) ist ein erfolgreiches Programm, das werteorientiertes Investieren in den USA erm\u00f6glicht und unterst\u00fctzt. Basierend auf dem Buch von Janine Firpo, Activate Your Money: Investieren Sie, um Ihr Verm\u00f6gen zu vermehren und eine bessere Welt zu schaffen, wurden die europ\u00e4ischen Versionen von IfBC EU sowie die B\u00fccher \u00fcbersetzt und angepasst, um den Gegebenheiten der franz\u00f6sischen, deutschen, polnischen und spanischen M\u00e4rkte besser gerecht zu werden.<\/p>\n<\/div><\/div>\n\n\n\n<div class=\"wp-block-group\"><div class=\"wp-block-group__inner-container is-layout-constrained wp-block-group-is-layout-constrained\">\n<h2 class=\"wp-block-heading\">Aufbau des Kurses<\/h2>\n\n\n\n<p>Der Inhalt des Kernkursplans wird in f\u00fcnf Modulen vermittelt, in denen die Teilnehmer in einer Gruppe von acht bis 20 Kleinanlegern zusammenkommen. Die Diskussionen und \u00dcbungen w\u00e4hrend der Treffen finden in einer Kombination aus kleinen und gro\u00dfen Gruppen statt, um den Teilnehmern sowohl einen intimen Rahmen als auch breitere Lernm\u00f6glichkeiten zu bieten. <\/p>\n\n\n\n<p>Vor jeder Sitzung f\u00fchren die Teilnehmer ein ein- bis zweist\u00fcndiges Selbststudium durch, um sich auf die Gespr\u00e4che und Entdeckungen vorzubereiten, die in den Sitzungen stattfinden. Die Teilnehmer haben die M\u00f6glichkeit, in den monatlich stattfindenden Live-Sitzungen mit Finanzberatern und anderen Experten Fragen zu stellen.<\/p>\n<\/div><\/div>\n\n\n\n<div class=\"wp-block-group\"><div class=\"wp-block-group__inner-container is-layout-constrained wp-block-group-is-layout-constrained\">\n<h2 class=\"wp-block-heading\">Ergebnisse<\/h2>\n\n\n\n<p>Am Ende des Kernkurses werden die Teilnehmer \u00fcber Folgendes verf\u00fcgen:<\/p>\n\n\n\n<ul class=\"wp-block-list\">\n<li>einen sicheren und vertrauensw\u00fcrdigen Ort, in dem sie ihre Geldgeschichten, Hoffnungen, Sorgen und Erfolge mitteilen k\u00f6nnen.<\/li>\n\n\n\n<li>Sie haben &#8211; vielleicht zum ersten Mal &#8211; verstanden, wie sie derzeit investiert sind, warum sie so investiert sind und wie sie die finanziellen und sozialen Auswirkungen ihres Portfolios verbessern k\u00f6nnen.<\/li>\n\n\n\n<li>Sie haben neue Investitionsm\u00f6glichkeiten kennengelernt, haben werteorientierte Chancen erkundet und \u00fcber die besten M\u00f6glichkeiten diskutiert, diese Optionen zu nutzen.<\/li>\n\n\n\n<li>Ausf\u00fcllen von vereinfachten Arbeitsbl\u00e4ttern und Selbststudium zur besseren Vorbereitung auf ihre laufenden oder k\u00fcnftigen Investitionen<\/li>\n<\/ul>\n<\/div><\/div>\n\n\n\n<div class=\"wp-block-group\"><div class=\"wp-block-group__inner-container is-layout-constrained wp-block-group-is-layout-constrained\">\n<h2 class=\"wp-block-heading\">Inhalt des Kurses<\/h2>\n\n\n\n<p>Der Kernkursplan wurde entwickelt, um das Vertrauen von Privatanlegern zu st\u00e4rken, die Macht ihres Anlageverm\u00f6gens zu demonstrieren und ihnen zu zeigen, wie sie diese Ressourcen einsetzen k\u00f6nnen, um eine gerechtere und nachhaltigere Welt f\u00fcr alle zu schaffen. Er ist so aufgebaut, dass er die Teilnehmer schrittweise anleitet, wobei das Selbststudium und die Treffen aufeinander aufbauen. In Anbetracht der Tatsache, dass wir alle ein sehr arbeitsreiches Leben f\u00fchren, haben sich die Initiatoren bem\u00fcht, die Vorarbeit auf ein Minimum zu reduzieren und jedes Treffen interaktiv, ansprechend und informativ zu gestalten. Fr\u00fchere Teilnehmer haben sich dazu ge\u00e4u\u00dfert, wie sehr dieser Kurs ihre Einstellung und ihre Beziehung zu ihrem Geld ver\u00e4ndert hat.<\/p>\n\n\n\n<p><\/p>\n\n\n\n<h3 class=\"wp-block-heading\">Modul 1 &#8211; Einf\u00fchrung in das (nachhaltige) Investieren<\/h3>\n\n\n\n<hr class=\"wp-block-separator has-alpha-channel-opacity\"\/>\n\n\n\n<p class=\"has-medium-font-size\">\u00dcberblick \u00fcber Ihr Finanzverm\u00f6gen und wie\/warum Sie Ihre eigenen Anlagen wertorientiert ausrichten.<\/p>\n\n\n\n<p><a href=\"https:\/\/www.investforbetterclimate.eu\/wp-content\/uploads\/2024\/06\/Invest-for-Better-Climate-EU-Worksheet-Module-1.xlsx\" target=\"_blank\" rel=\"noreferrer noopener\">Invest for Better Climate EU Worksheet Module 1.xlsx<\/a><\/p>\n\n\n\n<p><a href=\"https:\/\/www.investforbetterclimate.eu\/wp-content\/uploads\/2024\/06\/Invest-for-Better-Climate-EU-DSW-Modul-1-final.pptx\" data-type=\"link\" data-id=\"https:\/\/www.investforbetterclimate.eu\/wp-content\/uploads\/2024\/05\/test.pdf\" target=\"_blank\" rel=\"noreferrer noopener\">Invest for Better Climate EU &#8211; DSW Modul 1.pptx<\/a><\/p>\n\n\n\n<h3 class=\"wp-block-heading\">Modul 2 &#8211; Nachhaltiges Investieren<\/h3>\n\n\n\n<hr class=\"wp-block-separator has-alpha-channel-opacity\"\/>\n\n\n\n<p>Welche Initiativen und Standards gibt es, an denen sich Investoren bei ihren Investitionsentscheidungen orientieren sollten?<\/p>\n\n\n\n<p><a href=\"https:\/\/www.investforbetterclimate.eu\/wp-content\/uploads\/2024\/06\/Invest-for-Better-Climate-Worksheet-Module-2.docx\" target=\"_blank\" rel=\"noreferrer noopener\">Invest for Better Climate Worksheet Module 2.docx<\/a><\/p>\n\n\n\n<p><a href=\"https:\/\/www.investforbetterclimate.eu\/wp-content\/uploads\/2024\/06\/Invest-for-Better-Climate-EU-DSW-Modul-2-final.pptx\" data-type=\"link\" data-id=\"https:\/\/www.investforbetterclimate.eu\/wp-content\/uploads\/2024\/05\/test.pdf\" target=\"_blank\" rel=\"noreferrer noopener\">Invest for Better Climate EU &#8211; DSW Modul 2.pptx<\/a><\/p>\n\n\n\n<h3 class=\"wp-block-heading\">Modul 3 &#8211; Einblicke in die Praxis<\/h3>\n\n\n\n<hr class=\"wp-block-separator has-alpha-channel-opacity\"\/>\n\n\n\n<p>Ein \u00dcberblick \u00fcber die derzeit existierenden nachhaltigkeits- und klimabezogenen Finanzinstrumente, die Kleinanlegern in den untersuchten europ\u00e4ischen L\u00e4ndern zur Verf\u00fcgung stehen.<\/p>\n\n\n\n<p><\/p>\n\n\n\n<p><a href=\"https:\/\/www.investforbetterclimate.eu\/wp-content\/uploads\/2024\/06\/Invest-for-Better-Climate-EU-DSW-Modul-3-final.pptx\" data-type=\"link\" data-id=\"https:\/\/www.investforbetterclimate.eu\/wp-content\/uploads\/2024\/05\/test.pdf\" target=\"_blank\" rel=\"noreferrer noopener\">Invest for Better Climate EU &#8211; DSW Modul 3.pptx<\/a><\/p>\n\n\n\n<h3 class=\"wp-block-heading\">Modul 4 \u2013 Klimarisiken und -chancen<\/h3>\n\n\n\n<hr class=\"wp-block-separator has-alpha-channel-opacity\"\/>\n\n\n\n<p>Verst\u00e4ndnis des Zusammenhangs zwischen Klimarisiken und Finanzrisiken.<\/p>\n\n\n\n<p><a href=\"https:\/\/www.investforbetterclimate.eu\/wp-content\/uploads\/2024\/06\/Invest-for-Better-Climate-Worksheet-Module-4.docx\" data-type=\"link\" data-id=\"https:\/\/www.investforbetterclimate.eu\/wp-content\/uploads\/2024\/05\/test.pdf\" target=\"_blank\" rel=\"noreferrer noopener\">Invest for Better Climate Worksheet Module 4.docx<\/a><\/p>\n\n\n\n<p><a href=\"https:\/\/www.investforbetterclimate.eu\/wp-content\/uploads\/2024\/06\/Invest-for-Better-Climate-EU-DSW-Modul-4-final.pptx\" data-type=\"link\" data-id=\"https:\/\/www.investforbetterclimate.eu\/wp-content\/uploads\/2024\/05\/test.pdf\" target=\"_blank\" rel=\"noreferrer noopener\">Invest for Better Climate EU &#8211; DSW Modul 4.pptx<\/a><\/p>\n\n\n\n<h3 class=\"wp-block-heading\">Modul 5 &#8211; Greenwashing<\/h3>\n\n\n\n<hr class=\"wp-block-separator has-alpha-channel-opacity\"\/>\n\n\n\n<p>Wie k\u00f6nnen Sie Greenwashing erkennen, vermeiden und wo melden?<\/p>\n\n\n\n<p><a href=\"https:\/\/www.investforbetterclimate.eu\/wp-content\/uploads\/2024\/06\/Invest-for-Better-Climate-Worksheet-Module-5.docx\" data-type=\"link\" data-id=\"https:\/\/www.investforbetterclimate.eu\/wp-content\/uploads\/2024\/05\/test.pdf\" target=\"_blank\" rel=\"noreferrer noopener\">Invest for Better Climate Worksheet Module 5.docx<\/a><\/p>\n\n\n\n<p><a href=\"https:\/\/www.investforbetterclimate.eu\/wp-content\/uploads\/2024\/06\/Invest-for-Better-Climate-EU-DSW-Modul-5-final.pptx\" data-type=\"link\" data-id=\"https:\/\/www.investforbetterclimate.eu\/wp-content\/uploads\/2024\/05\/test.pdf\" target=\"_blank\" rel=\"noreferrer noopener\">Invest for Better Climate EU &#8211; DSW Modul 5.pptx<\/a><\/p>\n<\/div><\/div>\n","protected":false},"excerpt":{"rendered":"<p>Die Initiative Invest for Better (IfB) ist ein erfolgreiches Programm, das werteorientiertes Investieren in den USA erm\u00f6glicht und unterst\u00fctzt. Basierend auf dem Buch von Janine Firpo, Activate Your Money: Investieren Sie, um Ihr Verm\u00f6gen zu vermehren und eine bessere Welt zu schaffen, wurden die europ\u00e4ischen Versionen von IfBC EU sowie die B\u00fccher \u00fcbersetzt und angepasst, [&hellip;]<\/p>\n","protected":false},"author":1,"featured_media":0,"parent":0,"menu_order":36,"comment_status":"closed","ping_status":"closed","template":"","meta":{"footnotes":""},"class_list":["post-3555","page","type-page","status-publish","hentry"],"_links":{"self":[{"href":"https:\/\/www.investforbetterclimate.eu\/de\/wp-json\/wp\/v2\/pages\/3555","targetHints":{"allow":["GET"]}}],"collection":[{"href":"https:\/\/www.investforbetterclimate.eu\/de\/wp-json\/wp\/v2\/pages"}],"about":[{"href":"https:\/\/www.investforbetterclimate.eu\/de\/wp-json\/wp\/v2\/types\/page"}],"author":[{"embeddable":true,"href":"https:\/\/www.investforbetterclimate.eu\/de\/wp-json\/wp\/v2\/users\/1"}],"replies":[{"embeddable":true,"href":"https:\/\/www.investforbetterclimate.eu\/de\/wp-json\/wp\/v2\/comments?post=3555"}],"version-history":[{"count":5,"href":"https:\/\/www.investforbetterclimate.eu\/de\/wp-json\/wp\/v2\/pages\/3555\/revisions"}],"predecessor-version":[{"id":4061,"href":"https:\/\/www.investforbetterclimate.eu\/de\/wp-json\/wp\/v2\/pages\/3555\/revisions\/4061"}],"wp:attachment":[{"href":"https:\/\/www.investforbetterclimate.eu\/de\/wp-json\/wp\/v2\/media?parent=3555"}],"curies":[{"name":"wp","href":"https:\/\/api.w.org\/{rel}","templated":true}]}}