{"id":3275,"date":"2024-02-27T15:03:48","date_gmt":"2024-02-27T14:03:48","guid":{"rendered":"https:\/\/www.investforbetterclimate.eu\/open-call-1\/"},"modified":"2024-06-13T12:02:36","modified_gmt":"2024-06-13T10:02:36","slug":"open-call-1","status":"publish","type":"page","link":"https:\/\/www.investforbetterclimate.eu\/de\/","title":{"rendered":"Willkommen"},"content":{"rendered":"\n<div class=\"wp-block-group\"><div class=\"wp-block-group__inner-container is-layout-constrained wp-block-group-is-layout-constrained\">\n<h2 class=\"wp-block-heading\"><strong><strong>\u00dcbernehmen Sie die Kontrolle \u00fcber Ihre Finanzen<\/strong><\/strong><\/h2>\n\n\n\n<p>Werden Sie Teil einer Gemeinschaft, die die Welt durch werteorientiertes Investieren ver\u00e4ndert<\/p>\n\n\n\n<p>Invest for Better Climate EU (IBFC EU) ist ein Programm, das Privatanlegern die F\u00e4higkeiten und das Selbstvertrauen vermittelt, ihr Verm\u00f6gen f\u00fcr einen positiven Wandel einzusetzen. Durch eine auf Werte ausgerichtete Anlegergemeinschaft, von Experten unterst\u00fctzte Finanzbildung und moderierte Lerncircles gewinnen unsere Mitglieder Selbstvertrauen und vermehren ihr Verm\u00f6gen, w\u00e4hrend sie sich f\u00fcr Nachhaltigkeit und soziale Gerechtigkeit einsetzen.<\/p>\n\n\n\n<h3 class=\"wp-block-heading\">Zeugnisse<\/h3>\n\n\n    <div class=\"testimonies_slider_box\">\r\n    <ul class=\"slides\">\r\n                <li class=\"\"> \r\n        <div class=\"testimonies_content\">    \r\n                <div class=\"detail\">\t\r\n\t\t\t&#8222;Vielen herzlichen Dank f\u00fcr die Unterlagen und vor allem f\u00fcr das Angebot der DSW, dieses Seminar zum Nachhaltigen Investment besuchen zu d\u00fcrfen! Es war sehr interessant und hat mir Spa\u00df gemacht.&#8220;          \r\n        <\/div>\r\n        <\/div>\r\n\t\t<\/li>\r\n                <li class=\"\"> \r\n        <div class=\"testimonies_content\">    \r\n                <div class=\"detail\">\t\r\n\t\t\t&#8222;Es hat mir wirklich sehr gut gefallen und es war sehr informativ und verst\u00e4ndlich dargestellt \u2013 vor allem die Pr\u00e4sentationen&#8220;          \r\n        <\/div>\r\n        <\/div>\r\n\t\t<\/li>\r\n                <li class=\"\"> \r\n        <div class=\"testimonies_content\">    \r\n                <div class=\"detail\">\t\r\n\t\t\t&#8222;Die Seminarreihe war sehr informativ und ich bedauere, dass ich nicht bei allen Terminen dabei sein konnte.&#8220;          \r\n        <\/div>\r\n        <\/div>\r\n\t\t<\/li>\r\n                <li class=\"\"> \r\n        <div class=\"testimonies_content\">    \r\n                <div class=\"detail\">\t\r\n\t\t\t&#8222;Ich danke Ihnen f\u00fcr den tollen Input und freue mich auf die Unterlagen.&#8220;          \r\n        <\/div>\r\n        <\/div>\r\n\t\t<\/li>\r\n                <li class=\"\"> \r\n        <div class=\"testimonies_content\">    \r\n                <div class=\"detail\">\t\r\n\t\t\t&#8222;Das war ein sehr gutes Projekt, eine wichtige initiative zur finanziellen Bildung von Frauen. Ich hoffe, das war nur der Startschuss.&#8220;          \r\n        <\/div>\r\n        <\/div>\r\n\t\t<\/li>\r\n                <li class=\"\"> \r\n        <div class=\"testimonies_content\">    \r\n                <div class=\"detail\">\t\r\n\t\t\t&#8222;Ich habe einen guten Einblick in das Thema der nachhaltigen Geldanlage erhalten. Vielen Dank daf\u00fcr.&#8220;          \r\n        <\/div>\r\n        <\/div>\r\n\t\t<\/li>\r\n            <\/ul>\r\n    <\/div>\r\n    \n<\/div><\/div>\n\n\n\n<div class=\"wp-block-group\"><div class=\"wp-block-group__inner-container is-layout-constrained wp-block-group-is-layout-constrained\">\n<h2 class=\"wp-block-heading\"><strong><strong>Sprechen Sie \u00fcber Ihr Geld<\/strong><\/strong><\/h2>\n\n\n\n<p>Es gibt viele Orte, an denen man etwas \u00fcber Investitionen lernen kann, aber IFBC &#8211; EU ist einzigartig. Wenn es Ihnen wie uns geht und Sie Ihr Wissen \u00fcber Geldanlagen ausbauen und Ihr Verm\u00f6gen vermehren wollen, indem Sie einen offenen Dialog f\u00fchren und verschiedene Ressourcen nutzen, z. B. wie Sie Ihr Verm\u00f6gen und Ihre Verbindlichkeiten berechnen und worauf Sie beim Aufbau Ihres Portfolios achten sollten, dann sind Sie nicht allein. Der IFBC &#8211; EU mit seinen Studiengruppen &#8211; unserem Circle Experience &#8211; bietet Ihnen genau das.<\/p>\n<\/div><\/div>\n\n\n\n<div class=\"wp-block-group\"><div class=\"wp-block-group__inner-container is-layout-constrained wp-block-group-is-layout-constrained\">\n<h2 class=\"wp-block-heading\"><strong><strong>Investieren Sie in Klimawerte<\/strong><\/strong><\/h2>\n\n\n\n<p>Au\u00dferdem m\u00f6chten Sie wissen, welche Auswirkungen Ihre Investitionen auf die Welt haben. Sie m\u00f6chten Ihr Geld in Unternehmen investiert sehen, die L\u00f6sungen schaffen und einen neuen Weg einschlagen, der zu einem nachhaltigen Planeten und einer nachhaltigen Gesellschaft f\u00fchrt, die Sie mit Stolz an Ihre Kinder und Enkelkinder weitergeben k\u00f6nnen. Sie m\u00f6chten andere Frauen f\u00f6rdern und Ihre lokale Gemeinschaft unterst\u00fctzen. In unseren Modulen werden Sie M\u00f6glichkeiten entdecken, wie Sie die Welt mit Ihrem Geld, Ihren Aktien &#8211; mit all Ihren Verm\u00f6genswerten &#8211; zu einem besseren Ort machen k\u00f6nnen.<\/p>\n\n\n\n<p class=\"has-text-align-center\"><\/p>\n<\/div><\/div>\n","protected":false},"excerpt":{"rendered":"<p>\u00dcbernehmen Sie die Kontrolle \u00fcber Ihre Finanzen Werden Sie Teil einer Gemeinschaft, die die Welt durch werteorientiertes Investieren ver\u00e4ndert Invest for Better Climate EU (IBFC EU) ist ein Programm, das Privatanlegern die F\u00e4higkeiten und das Selbstvertrauen vermittelt, ihr Verm\u00f6gen f\u00fcr einen positiven Wandel einzusetzen. Durch eine auf Werte ausgerichtete Anlegergemeinschaft, von Experten unterst\u00fctzte Finanzbildung und [&hellip;]<\/p>\n","protected":false},"author":1,"featured_media":0,"parent":0,"menu_order":43,"comment_status":"closed","ping_status":"closed","template":"","meta":{"footnotes":""},"class_list":["post-3275","page","type-page","status-publish","hentry"],"_links":{"self":[{"href":"https:\/\/www.investforbetterclimate.eu\/de\/wp-json\/wp\/v2\/pages\/3275","targetHints":{"allow":["GET"]}}],"collection":[{"href":"https:\/\/www.investforbetterclimate.eu\/de\/wp-json\/wp\/v2\/pages"}],"about":[{"href":"https:\/\/www.investforbetterclimate.eu\/de\/wp-json\/wp\/v2\/types\/page"}],"author":[{"embeddable":true,"href":"https:\/\/www.investforbetterclimate.eu\/de\/wp-json\/wp\/v2\/users\/1"}],"replies":[{"embeddable":true,"href":"https:\/\/www.investforbetterclimate.eu\/de\/wp-json\/wp\/v2\/comments?post=3275"}],"version-history":[{"count":6,"href":"https:\/\/www.investforbetterclimate.eu\/de\/wp-json\/wp\/v2\/pages\/3275\/revisions"}],"predecessor-version":[{"id":3698,"href":"https:\/\/www.investforbetterclimate.eu\/de\/wp-json\/wp\/v2\/pages\/3275\/revisions\/3698"}],"wp:attachment":[{"href":"https:\/\/www.investforbetterclimate.eu\/de\/wp-json\/wp\/v2\/media?parent=3275"}],"curies":[{"name":"wp","href":"https:\/\/api.w.org\/{rel}","templated":true}]}}